{"id":664,"date":"2019-12-21T00:47:02","date_gmt":"2019-12-21T05:47:02","guid":{"rendered":"https:\/\/evea-ecofashion.com\/es\/?page_id=664"},"modified":"2019-12-21T00:47:02","modified_gmt":"2019-12-21T05:47:02","slug":"condiciones-de-reembolso-y-procedimiento","status":"publish","type":"page","link":"https:\/\/evea-ecofashion.com\/es\/condiciones-de-reembolso-y-procedimiento\/","title":{"rendered":"Condiciones de Reembolso y Procedimiento"},"content":{"rendered":"<div class=\"wpb-content-wrapper\"><p>[vc_row][vc_column]<div id=\"ultimate-heading-970769ea2dbddcc73\" class=\"uvc-heading ult-adjust-bottom-margin ultimate-heading-970769ea2dbddcc73 uvc-2115 \" data-hspacer=\"no_spacer\"  data-halign=\"center\" style=\"text-align:center\"><div class=\"uvc-heading-spacer no_spacer\" style=\"top\"><\/div><div class=\"uvc-main-heading ult-responsive\"  data-ultimate-target='.uvc-heading.ultimate-heading-970769ea2dbddcc73 h1'  data-responsive-json-new='{\"font-size\":\"\",\"line-height\":\"\"}' ><h1 style=\"font-weight:normal;margin-bottom:1.07em;\">Condiciones de Reembolso y Procedimiento<\/h1><\/div><\/div>[vc_column_text]<strong>Condiciones (Cambios y desistimiento):<\/strong>\u00a0Dispones de 7 d\u00edas desde la recepci\u00f3n del producto\/s para realizar un cambio.<\/p>\n<p><strong>Condiciones (Devoluciones):<\/strong>\u00a0 EVEA responder\u00e1 de las faltas de conformidad que se manifiesten en el plazo establecido en la normativa legal.<\/p>\n<p><strong>Reembolso:<\/strong>\u00a0EVEA reembolsar\u00e1, en su caso, el importe correspondiente, incluyendo los gastos de env\u00edo est\u00e1ndar de la entrega inicial sin demoras indebidas y, en cualquier caso, antes de que hayan transcurrido 7 d\u00edas naturales desde la fecha en que haya sido informado de la devoluci\u00f3n. La devoluci\u00f3n se realizar\u00e1 por el mismo medio de pago con el que se abon\u00f3. No obstante, podremos retener el reembolso hasta haber recibido los bienes, o hasta que hayas presentado una prueba de la devoluci\u00f3n de los bienes, seg\u00fan qu\u00e9 condici\u00f3n se cumpla primero.<\/p>\n<p><strong>Procedimiento:<\/strong><\/p>\n<p>Para devolver un producto de tu pedido solo necesitas introducirlo\/s dentro de la misma caja de cart\u00f3n que en la que recibi\u00f3 el paquete, pegando el adhesivo de devoluci\u00f3n en el exterior de la\u00a0misma.<\/p>\n<p>A continuaci\u00f3n debes solicitar la recogida del paquete en el email contacto@evea-ecofashion.com o llamando al tel\u00e9fono mencionado en la web de Evea.[\/vc_column_text][\/vc_column][\/vc_row]<\/p>\n<\/div>","protected":false},"excerpt":{"rendered":"<p>[vc_row][vc_column][vc_column_text]Condiciones (Cambios y desistimiento):\u00a0Dispones de 7 d\u00edas desde la recepci\u00f3n del producto\/s para realizar un cambio. Condiciones (Devoluciones):\u00a0 EVEA responder\u00e1 de las faltas de conformidad que se manifiesten en el<\/p>\n","protected":false},"author":5,"featured_media":0,"parent":0,"menu_order":0,"comment_status":"closed","ping_status":"closed","template":"","meta":{"_acf_changed":false,"sfsi_plus_gutenberg_text_before_share":"","sfsi_plus_gutenberg_show_text_before_share":"","sfsi_plus_gutenberg_icon_type":"","sfsi_plus_gutenberg_icon_alignemt":"","sfsi_plus_gutenburg_max_per_row":"","footnotes":""},"class_list":["post-664","page","type-page","status-publish","hentry"],"acf":[],"yoast_head":"<!-- This site is optimized with the Yoast SEO plugin v27.2 - https:\/\/yoast.com\/product\/yoast-seo-wordpress\/ -->\n<title>Condiciones de Reembolso y Procedimiento - Evea Eco Fashion<\/title>\n<meta name=\"robots\" content=\"index, follow, max-snippet:-1, max-image-preview:large, max-video-preview:-1\" \/>\n<link rel=\"canonical\" href=\"https:\/\/evea-ecofashion.com\/es\/condiciones-de-reembolso-y-procedimiento\/\" \/>\n<meta property=\"og:locale\" content=\"es_ES\" \/>\n<meta property=\"og:type\" content=\"article\" \/>\n<meta property=\"og:title\" content=\"Condiciones de Reembolso y Procedimiento - Evea Eco Fashion\" \/>\n<meta property=\"og:description\" content=\"[vc_row][vc_column][vc_column_text]Condiciones (Cambios y desistimiento):\u00a0Dispones de 7 d\u00edas desde la recepci\u00f3n del producto\/s para realizar un cambio. Condiciones (Devoluciones):\u00a0 EVEA responder\u00e1 de las faltas de conformidad que se manifiesten en el\" \/>\n<meta property=\"og:url\" content=\"https:\/\/evea-ecofashion.com\/es\/condiciones-de-reembolso-y-procedimiento\/\" \/>\n<meta property=\"og:site_name\" content=\"Evea Eco Fashion\" \/>\n<meta property=\"article:publisher\" content=\"https:\/\/facebook.com\/evea.ecofashion\" \/>\n<meta name=\"twitter:card\" content=\"summary_large_image\" \/>\n<meta name=\"twitter:site\" content=\"@evea_ecoamazon\" \/>\n<meta name=\"twitter:label1\" content=\"Tiempo de lectura\" \/>\n\t<meta name=\"twitter:data1\" content=\"1 minuto\" \/>\n<script type=\"application\/ld+json\" class=\"yoast-schema-graph\">{\"@context\":\"https:\/\/schema.org\",\"@graph\":[{\"@type\":\"WebPage\",\"@id\":\"https:\/\/evea-ecofashion.com\/es\/condiciones-de-reembolso-y-procedimiento\/\",\"url\":\"https:\/\/evea-ecofashion.com\/es\/condiciones-de-reembolso-y-procedimiento\/\",\"name\":\"Condiciones de Reembolso y Procedimiento - Evea Eco Fashion\",\"isPartOf\":{\"@id\":\"https:\/\/evea-ecofashion.com\/es\/#website\"},\"datePublished\":\"2019-12-21T05:47:02+00:00\",\"breadcrumb\":{\"@id\":\"https:\/\/evea-ecofashion.com\/es\/condiciones-de-reembolso-y-procedimiento\/#breadcrumb\"},\"inLanguage\":\"es\",\"potentialAction\":[{\"@type\":\"ReadAction\",\"target\":[\"https:\/\/evea-ecofashion.com\/es\/condiciones-de-reembolso-y-procedimiento\/\"]}]},{\"@type\":\"BreadcrumbList\",\"@id\":\"https:\/\/evea-ecofashion.com\/es\/condiciones-de-reembolso-y-procedimiento\/#breadcrumb\",\"itemListElement\":[{\"@type\":\"ListItem\",\"position\":1,\"name\":\"Portada\",\"item\":\"https:\/\/evea-ecofashion.com\/es\/\"},{\"@type\":\"ListItem\",\"position\":2,\"name\":\"Condiciones de Reembolso y Procedimiento\"}]},{\"@type\":\"WebSite\",\"@id\":\"https:\/\/evea-ecofashion.com\/es\/#website\",\"url\":\"https:\/\/evea-ecofashion.com\/es\/\",\"name\":\"Evea Eco Fashion\",\"description\":\"Otro sitio m\u00e1s de Sitios de Evea\",\"publisher\":{\"@id\":\"https:\/\/evea-ecofashion.com\/es\/#organization\"},\"potentialAction\":[{\"@type\":\"SearchAction\",\"target\":{\"@type\":\"EntryPoint\",\"urlTemplate\":\"https:\/\/evea-ecofashion.com\/es\/?s={search_term_string}\"},\"query-input\":{\"@type\":\"PropertyValueSpecification\",\"valueRequired\":true,\"valueName\":\"search_term_string\"}}],\"inLanguage\":\"es\"},{\"@type\":\"Organization\",\"@id\":\"https:\/\/evea-ecofashion.com\/es\/#organization\",\"name\":\"Evea Eco Fashion\",\"url\":\"https:\/\/evea-ecofashion.com\/es\/\",\"logo\":{\"@type\":\"ImageObject\",\"inLanguage\":\"es\",\"@id\":\"https:\/\/evea-ecofashion.com\/es\/#\/schema\/logo\/image\/\",\"url\":\"https:\/\/evea-ecofashion.com\/es\/wp-content\/uploads\/sites\/7\/2019\/12\/logo-evea.png\",\"contentUrl\":\"https:\/\/evea-ecofashion.com\/es\/wp-content\/uploads\/sites\/7\/2019\/12\/logo-evea.png\",\"width\":333,\"height\":187,\"caption\":\"Evea Eco Fashion\"},\"image\":{\"@id\":\"https:\/\/evea-ecofashion.com\/es\/#\/schema\/logo\/image\/\"},\"sameAs\":[\"https:\/\/facebook.com\/evea.ecofashion\",\"https:\/\/x.com\/evea_ecoamazon\",\"https:\/\/instagram.com\/eveaecofashion\",\"https:\/\/www.youtube.com\/channel\/UCB-Uxlp96EHkJzye6xrw_Eg\"]}]}<\/script>\n<!-- \/ Yoast SEO plugin. -->","yoast_head_json":{"title":"Condiciones de Reembolso y Procedimiento - Evea Eco Fashion","robots":{"index":"index","follow":"follow","max-snippet":"max-snippet:-1","max-image-preview":"max-image-preview:large","max-video-preview":"max-video-preview:-1"},"canonical":"https:\/\/evea-ecofashion.com\/es\/condiciones-de-reembolso-y-procedimiento\/","og_locale":"es_ES","og_type":"article","og_title":"Condiciones de Reembolso y Procedimiento - Evea Eco Fashion","og_description":"[vc_row][vc_column][vc_column_text]Condiciones (Cambios y desistimiento):\u00a0Dispones de 7 d\u00edas desde la recepci\u00f3n del producto\/s para realizar un cambio. Condiciones (Devoluciones):\u00a0 EVEA responder\u00e1 de las faltas de conformidad que se manifiesten en el","og_url":"https:\/\/evea-ecofashion.com\/es\/condiciones-de-reembolso-y-procedimiento\/","og_site_name":"Evea Eco Fashion","article_publisher":"https:\/\/facebook.com\/evea.ecofashion","twitter_card":"summary_large_image","twitter_site":"@evea_ecoamazon","twitter_misc":{"Tiempo de lectura":"1 minuto"},"schema":{"@context":"https:\/\/schema.org","@graph":[{"@type":"WebPage","@id":"https:\/\/evea-ecofashion.com\/es\/condiciones-de-reembolso-y-procedimiento\/","url":"https:\/\/evea-ecofashion.com\/es\/condiciones-de-reembolso-y-procedimiento\/","name":"Condiciones de Reembolso y Procedimiento - Evea Eco Fashion","isPartOf":{"@id":"https:\/\/evea-ecofashion.com\/es\/#website"},"datePublished":"2019-12-21T05:47:02+00:00","breadcrumb":{"@id":"https:\/\/evea-ecofashion.com\/es\/condiciones-de-reembolso-y-procedimiento\/#breadcrumb"},"inLanguage":"es","potentialAction":[{"@type":"ReadAction","target":["https:\/\/evea-ecofashion.com\/es\/condiciones-de-reembolso-y-procedimiento\/"]}]},{"@type":"BreadcrumbList","@id":"https:\/\/evea-ecofashion.com\/es\/condiciones-de-reembolso-y-procedimiento\/#breadcrumb","itemListElement":[{"@type":"ListItem","position":1,"name":"Portada","item":"https:\/\/evea-ecofashion.com\/es\/"},{"@type":"ListItem","position":2,"name":"Condiciones de Reembolso y Procedimiento"}]},{"@type":"WebSite","@id":"https:\/\/evea-ecofashion.com\/es\/#website","url":"https:\/\/evea-ecofashion.com\/es\/","name":"Evea Eco Fashion","description":"Otro sitio m\u00e1s de Sitios de Evea","publisher":{"@id":"https:\/\/evea-ecofashion.com\/es\/#organization"},"potentialAction":[{"@type":"SearchAction","target":{"@type":"EntryPoint","urlTemplate":"https:\/\/evea-ecofashion.com\/es\/?s={search_term_string}"},"query-input":{"@type":"PropertyValueSpecification","valueRequired":true,"valueName":"search_term_string"}}],"inLanguage":"es"},{"@type":"Organization","@id":"https:\/\/evea-ecofashion.com\/es\/#organization","name":"Evea Eco Fashion","url":"https:\/\/evea-ecofashion.com\/es\/","logo":{"@type":"ImageObject","inLanguage":"es","@id":"https:\/\/evea-ecofashion.com\/es\/#\/schema\/logo\/image\/","url":"https:\/\/evea-ecofashion.com\/es\/wp-content\/uploads\/sites\/7\/2019\/12\/logo-evea.png","contentUrl":"https:\/\/evea-ecofashion.com\/es\/wp-content\/uploads\/sites\/7\/2019\/12\/logo-evea.png","width":333,"height":187,"caption":"Evea Eco Fashion"},"image":{"@id":"https:\/\/evea-ecofashion.com\/es\/#\/schema\/logo\/image\/"},"sameAs":["https:\/\/facebook.com\/evea.ecofashion","https:\/\/x.com\/evea_ecoamazon","https:\/\/instagram.com\/eveaecofashion","https:\/\/www.youtube.com\/channel\/UCB-Uxlp96EHkJzye6xrw_Eg"]}]}},"_links":{"self":[{"href":"https:\/\/evea-ecofashion.com\/es\/wp-json\/wp\/v2\/pages\/664","targetHints":{"allow":["GET"]}}],"collection":[{"href":"https:\/\/evea-ecofashion.com\/es\/wp-json\/wp\/v2\/pages"}],"about":[{"href":"https:\/\/evea-ecofashion.com\/es\/wp-json\/wp\/v2\/types\/page"}],"author":[{"embeddable":true,"href":"https:\/\/evea-ecofashion.com\/es\/wp-json\/wp\/v2\/users\/5"}],"replies":[{"embeddable":true,"href":"https:\/\/evea-ecofashion.com\/es\/wp-json\/wp\/v2\/comments?post=664"}],"version-history":[{"count":1,"href":"https:\/\/evea-ecofashion.com\/es\/wp-json\/wp\/v2\/pages\/664\/revisions"}],"predecessor-version":[{"id":665,"href":"https:\/\/evea-ecofashion.com\/es\/wp-json\/wp\/v2\/pages\/664\/revisions\/665"}],"wp:attachment":[{"href":"https:\/\/evea-ecofashion.com\/es\/wp-json\/wp\/v2\/media?parent=664"}],"curies":[{"name":"wp","href":"https:\/\/api.w.org\/{rel}","templated":true}]}}