{"id":662,"date":"2019-12-21T00:47:21","date_gmt":"2019-12-21T05:47:21","guid":{"rendered":"https:\/\/evea-ecofashion.com\/es\/?page_id=662"},"modified":"2019-12-26T11:53:00","modified_gmt":"2019-12-26T16:53:00","slug":"politica-de-cambios-y-devoluciones","status":"publish","type":"page","link":"https:\/\/evea-ecofashion.com\/es\/politica-de-cambios-y-devoluciones\/","title":{"rendered":"Pol\u00edtica de Cambios y Devoluciones"},"content":{"rendered":"<div class=\"wpb-content-wrapper\"><p>[vc_row][vc_column]<div id=\"ultimate-heading-811169ea2dbddcd5d\" class=\"uvc-heading ult-adjust-bottom-margin ultimate-heading-811169ea2dbddcd5d uvc-1202 \" data-hspacer=\"no_spacer\"  data-halign=\"center\" style=\"text-align:center\"><div class=\"uvc-heading-spacer no_spacer\" style=\"top\"><\/div><div class=\"uvc-main-heading ult-responsive\"  data-ultimate-target='.uvc-heading.ultimate-heading-811169ea2dbddcd5d h1'  data-responsive-json-new='{\"font-size\":\"\",\"line-height\":\"\"}' ><h1 style=\"font-weight:normal;margin-bottom:1.07em;\">Pol\u00edtica de Cambios y Devoluciones<\/h1><\/div><\/div>[vc_column_text]Existen distintos procedimientos para la realizaci\u00f3n de cambios y devoluciones. A continuaci\u00f3n, describiremos las caracter\u00edsticas de cada uno de ellos, as\u00ed como sus costes y condiciones.<\/p>\n<ol type=\"a\">\n<li>Cambio: se considera cambio la sustituci\u00f3n por el mismo producto en otro color y\/o talla.<\/li>\n<li>Devoluci\u00f3n: en caso de tara o defecto.<\/li>\n<\/ol>\n<p>Todos los productos que vayan a ser cambiados o devueltos deben ir debidamente embalados.<\/p>\n<p>Para realizar devoluciones o cambio de productos, puedes ponerte en contacto con nosotros al correo electr\u00f3nico evea.ecofashion@gmail.com, a trav\u00e9s de nuestro formulario de contacto o acerc\u00e1ndote a nuestra oficina, dentro de los siete (7) d\u00edas despu\u00e9s de haber recibido el producto.<\/p>\n<p>Para que podamos proceder al cambio o devoluci\u00f3n, es imprescindible lo siguiente:<\/p>\n<ul>\n<li>Que cuentes con comprobante de pago de la compra.<\/li>\n<li>Que el producto se encuentre en perfectas condiciones, completo (incluyendo sus accesorios, de ser el caso) y en su empaque original.<\/li>\n<\/ul>\n<p>Para los casos de devoluciones, una vez aprobadas, podremos efectuar la devoluci\u00f3n del dinero pagado de forma instant\u00e1nea solo mediante nota de cr\u00e9dito. Si deseas que la devoluci\u00f3n se haga por otro m\u00e9todo, el plazo de devoluci\u00f3n ser\u00eda de acuerdo a los procedimientos internos de cada medio de pago (aproximadamente despu\u00e9s de dos (2) semanas de haber solicitado la devoluci\u00f3n).<\/p>\n<p>Si han pasado siete (7) d\u00edas calendario desde que recibiste tu compra, no podremos cancelar tu pedido ni realizar cambios de productos.<\/p>\n<p>\u00daltima actualizaci\u00f3n:\u00a017 de diciembre del 2019.[\/vc_column_text][\/vc_column][\/vc_row]<\/p>\n<\/div>","protected":false},"excerpt":{"rendered":"<p>[vc_row][vc_column][vc_column_text]Existen distintos procedimientos para la realizaci\u00f3n de cambios y devoluciones. A continuaci\u00f3n, describiremos las caracter\u00edsticas de cada uno de ellos, as\u00ed como sus costes y condiciones. Cambio: se considera cambio<\/p>\n","protected":false},"author":5,"featured_media":0,"parent":0,"menu_order":0,"comment_status":"closed","ping_status":"closed","template":"","meta":{"_acf_changed":false,"sfsi_plus_gutenberg_text_before_share":"","sfsi_plus_gutenberg_show_text_before_share":"","sfsi_plus_gutenberg_icon_type":"","sfsi_plus_gutenberg_icon_alignemt":"","sfsi_plus_gutenburg_max_per_row":"","footnotes":""},"class_list":["post-662","page","type-page","status-publish","hentry"],"acf":[],"yoast_head":"<!-- This site is optimized with the Yoast SEO plugin v27.2 - https:\/\/yoast.com\/product\/yoast-seo-wordpress\/ -->\n<title>Pol\u00edtica de Cambios y Devoluciones - Evea Eco Fashion<\/title>\n<meta name=\"robots\" content=\"index, follow, max-snippet:-1, max-image-preview:large, max-video-preview:-1\" \/>\n<link rel=\"canonical\" href=\"https:\/\/evea-ecofashion.com\/es\/politica-de-cambios-y-devoluciones\/\" \/>\n<meta property=\"og:locale\" content=\"es_ES\" \/>\n<meta property=\"og:type\" content=\"article\" \/>\n<meta property=\"og:title\" content=\"Pol\u00edtica de Cambios y Devoluciones - Evea Eco Fashion\" \/>\n<meta property=\"og:description\" content=\"[vc_row][vc_column][vc_column_text]Existen distintos procedimientos para la realizaci\u00f3n de cambios y devoluciones. A continuaci\u00f3n, describiremos las caracter\u00edsticas de cada uno de ellos, as\u00ed como sus costes y condiciones. Cambio: se considera cambio\" \/>\n<meta property=\"og:url\" content=\"https:\/\/evea-ecofashion.com\/es\/politica-de-cambios-y-devoluciones\/\" \/>\n<meta property=\"og:site_name\" content=\"Evea Eco Fashion\" \/>\n<meta property=\"article:publisher\" content=\"https:\/\/facebook.com\/evea.ecofashion\" \/>\n<meta property=\"article:modified_time\" content=\"2019-12-26T16:53:00+00:00\" \/>\n<meta name=\"twitter:card\" content=\"summary_large_image\" \/>\n<meta name=\"twitter:site\" content=\"@evea_ecoamazon\" \/>\n<meta name=\"twitter:label1\" content=\"Tiempo de lectura\" \/>\n\t<meta name=\"twitter:data1\" content=\"1 minuto\" \/>\n<script type=\"application\/ld+json\" class=\"yoast-schema-graph\">{\"@context\":\"https:\/\/schema.org\",\"@graph\":[{\"@type\":\"WebPage\",\"@id\":\"https:\/\/evea-ecofashion.com\/es\/politica-de-cambios-y-devoluciones\/\",\"url\":\"https:\/\/evea-ecofashion.com\/es\/politica-de-cambios-y-devoluciones\/\",\"name\":\"Pol\u00edtica de Cambios y Devoluciones - Evea Eco Fashion\",\"isPartOf\":{\"@id\":\"https:\/\/evea-ecofashion.com\/es\/#website\"},\"datePublished\":\"2019-12-21T05:47:21+00:00\",\"dateModified\":\"2019-12-26T16:53:00+00:00\",\"breadcrumb\":{\"@id\":\"https:\/\/evea-ecofashion.com\/es\/politica-de-cambios-y-devoluciones\/#breadcrumb\"},\"inLanguage\":\"es\",\"potentialAction\":[{\"@type\":\"ReadAction\",\"target\":[\"https:\/\/evea-ecofashion.com\/es\/politica-de-cambios-y-devoluciones\/\"]}]},{\"@type\":\"BreadcrumbList\",\"@id\":\"https:\/\/evea-ecofashion.com\/es\/politica-de-cambios-y-devoluciones\/#breadcrumb\",\"itemListElement\":[{\"@type\":\"ListItem\",\"position\":1,\"name\":\"Portada\",\"item\":\"https:\/\/evea-ecofashion.com\/es\/\"},{\"@type\":\"ListItem\",\"position\":2,\"name\":\"Pol\u00edtica de Cambios y Devoluciones\"}]},{\"@type\":\"WebSite\",\"@id\":\"https:\/\/evea-ecofashion.com\/es\/#website\",\"url\":\"https:\/\/evea-ecofashion.com\/es\/\",\"name\":\"Evea Eco Fashion\",\"description\":\"Otro sitio m\u00e1s de Sitios de Evea\",\"publisher\":{\"@id\":\"https:\/\/evea-ecofashion.com\/es\/#organization\"},\"potentialAction\":[{\"@type\":\"SearchAction\",\"target\":{\"@type\":\"EntryPoint\",\"urlTemplate\":\"https:\/\/evea-ecofashion.com\/es\/?s={search_term_string}\"},\"query-input\":{\"@type\":\"PropertyValueSpecification\",\"valueRequired\":true,\"valueName\":\"search_term_string\"}}],\"inLanguage\":\"es\"},{\"@type\":\"Organization\",\"@id\":\"https:\/\/evea-ecofashion.com\/es\/#organization\",\"name\":\"Evea Eco Fashion\",\"url\":\"https:\/\/evea-ecofashion.com\/es\/\",\"logo\":{\"@type\":\"ImageObject\",\"inLanguage\":\"es\",\"@id\":\"https:\/\/evea-ecofashion.com\/es\/#\/schema\/logo\/image\/\",\"url\":\"https:\/\/evea-ecofashion.com\/es\/wp-content\/uploads\/sites\/7\/2019\/12\/logo-evea.png\",\"contentUrl\":\"https:\/\/evea-ecofashion.com\/es\/wp-content\/uploads\/sites\/7\/2019\/12\/logo-evea.png\",\"width\":333,\"height\":187,\"caption\":\"Evea Eco Fashion\"},\"image\":{\"@id\":\"https:\/\/evea-ecofashion.com\/es\/#\/schema\/logo\/image\/\"},\"sameAs\":[\"https:\/\/facebook.com\/evea.ecofashion\",\"https:\/\/x.com\/evea_ecoamazon\",\"https:\/\/instagram.com\/eveaecofashion\",\"https:\/\/www.youtube.com\/channel\/UCB-Uxlp96EHkJzye6xrw_Eg\"]}]}<\/script>\n<!-- \/ Yoast SEO plugin. -->","yoast_head_json":{"title":"Pol\u00edtica de Cambios y Devoluciones - Evea Eco Fashion","robots":{"index":"index","follow":"follow","max-snippet":"max-snippet:-1","max-image-preview":"max-image-preview:large","max-video-preview":"max-video-preview:-1"},"canonical":"https:\/\/evea-ecofashion.com\/es\/politica-de-cambios-y-devoluciones\/","og_locale":"es_ES","og_type":"article","og_title":"Pol\u00edtica de Cambios y Devoluciones - Evea Eco Fashion","og_description":"[vc_row][vc_column][vc_column_text]Existen distintos procedimientos para la realizaci\u00f3n de cambios y devoluciones. A continuaci\u00f3n, describiremos las caracter\u00edsticas de cada uno de ellos, as\u00ed como sus costes y condiciones. Cambio: se considera cambio","og_url":"https:\/\/evea-ecofashion.com\/es\/politica-de-cambios-y-devoluciones\/","og_site_name":"Evea Eco Fashion","article_publisher":"https:\/\/facebook.com\/evea.ecofashion","article_modified_time":"2019-12-26T16:53:00+00:00","twitter_card":"summary_large_image","twitter_site":"@evea_ecoamazon","twitter_misc":{"Tiempo de lectura":"1 minuto"},"schema":{"@context":"https:\/\/schema.org","@graph":[{"@type":"WebPage","@id":"https:\/\/evea-ecofashion.com\/es\/politica-de-cambios-y-devoluciones\/","url":"https:\/\/evea-ecofashion.com\/es\/politica-de-cambios-y-devoluciones\/","name":"Pol\u00edtica de Cambios y Devoluciones - Evea Eco Fashion","isPartOf":{"@id":"https:\/\/evea-ecofashion.com\/es\/#website"},"datePublished":"2019-12-21T05:47:21+00:00","dateModified":"2019-12-26T16:53:00+00:00","breadcrumb":{"@id":"https:\/\/evea-ecofashion.com\/es\/politica-de-cambios-y-devoluciones\/#breadcrumb"},"inLanguage":"es","potentialAction":[{"@type":"ReadAction","target":["https:\/\/evea-ecofashion.com\/es\/politica-de-cambios-y-devoluciones\/"]}]},{"@type":"BreadcrumbList","@id":"https:\/\/evea-ecofashion.com\/es\/politica-de-cambios-y-devoluciones\/#breadcrumb","itemListElement":[{"@type":"ListItem","position":1,"name":"Portada","item":"https:\/\/evea-ecofashion.com\/es\/"},{"@type":"ListItem","position":2,"name":"Pol\u00edtica de Cambios y Devoluciones"}]},{"@type":"WebSite","@id":"https:\/\/evea-ecofashion.com\/es\/#website","url":"https:\/\/evea-ecofashion.com\/es\/","name":"Evea Eco Fashion","description":"Otro sitio m\u00e1s de Sitios de Evea","publisher":{"@id":"https:\/\/evea-ecofashion.com\/es\/#organization"},"potentialAction":[{"@type":"SearchAction","target":{"@type":"EntryPoint","urlTemplate":"https:\/\/evea-ecofashion.com\/es\/?s={search_term_string}"},"query-input":{"@type":"PropertyValueSpecification","valueRequired":true,"valueName":"search_term_string"}}],"inLanguage":"es"},{"@type":"Organization","@id":"https:\/\/evea-ecofashion.com\/es\/#organization","name":"Evea Eco Fashion","url":"https:\/\/evea-ecofashion.com\/es\/","logo":{"@type":"ImageObject","inLanguage":"es","@id":"https:\/\/evea-ecofashion.com\/es\/#\/schema\/logo\/image\/","url":"https:\/\/evea-ecofashion.com\/es\/wp-content\/uploads\/sites\/7\/2019\/12\/logo-evea.png","contentUrl":"https:\/\/evea-ecofashion.com\/es\/wp-content\/uploads\/sites\/7\/2019\/12\/logo-evea.png","width":333,"height":187,"caption":"Evea Eco Fashion"},"image":{"@id":"https:\/\/evea-ecofashion.com\/es\/#\/schema\/logo\/image\/"},"sameAs":["https:\/\/facebook.com\/evea.ecofashion","https:\/\/x.com\/evea_ecoamazon","https:\/\/instagram.com\/eveaecofashion","https:\/\/www.youtube.com\/channel\/UCB-Uxlp96EHkJzye6xrw_Eg"]}]}},"_links":{"self":[{"href":"https:\/\/evea-ecofashion.com\/es\/wp-json\/wp\/v2\/pages\/662","targetHints":{"allow":["GET"]}}],"collection":[{"href":"https:\/\/evea-ecofashion.com\/es\/wp-json\/wp\/v2\/pages"}],"about":[{"href":"https:\/\/evea-ecofashion.com\/es\/wp-json\/wp\/v2\/types\/page"}],"author":[{"embeddable":true,"href":"https:\/\/evea-ecofashion.com\/es\/wp-json\/wp\/v2\/users\/5"}],"replies":[{"embeddable":true,"href":"https:\/\/evea-ecofashion.com\/es\/wp-json\/wp\/v2\/comments?post=662"}],"version-history":[{"count":1,"href":"https:\/\/evea-ecofashion.com\/es\/wp-json\/wp\/v2\/pages\/662\/revisions"}],"predecessor-version":[{"id":663,"href":"https:\/\/evea-ecofashion.com\/es\/wp-json\/wp\/v2\/pages\/662\/revisions\/663"}],"wp:attachment":[{"href":"https:\/\/evea-ecofashion.com\/es\/wp-json\/wp\/v2\/media?parent=662"}],"curies":[{"name":"wp","href":"https:\/\/api.w.org\/{rel}","templated":true}]}}