{"id":653,"date":"2019-12-21T00:22:52","date_gmt":"2019-12-21T05:22:52","guid":{"rendered":"https:\/\/evea-ecofashion.com\/es\/?page_id=653"},"modified":"2019-12-21T00:26:49","modified_gmt":"2019-12-21T05:26:49","slug":"condiciones-de-entrega","status":"publish","type":"page","link":"https:\/\/evea-ecofashion.com\/es\/condiciones-de-entrega\/","title":{"rendered":"Condiciones de Entrega"},"content":{"rendered":"<div class=\"wpb-content-wrapper\"><p>[vc_row][vc_column]<div id=\"ultimate-heading-310569ea325457934\" class=\"uvc-heading ult-adjust-bottom-margin ultimate-heading-310569ea325457934 uvc-4309 \" data-hspacer=\"no_spacer\"  data-halign=\"center\" style=\"text-align:center\"><div class=\"uvc-heading-spacer no_spacer\" style=\"top\"><\/div><div class=\"uvc-main-heading ult-responsive\"  data-ultimate-target='.uvc-heading.ultimate-heading-310569ea325457934 h1'  data-responsive-json-new='{\"font-size\":\"\",\"line-height\":\"\"}' ><h1 style=\"font-weight:normal;margin-bottom:1.07em;\">Condiciones de Entrega<\/h1><\/div><\/div>[vc_column_text]La presente informaci\u00f3n es publicada con el objetivo de dar a conocer a nuestros clientes nuestras pol\u00edticas de entrega de pedidos realizados desde nuestro sitio web.<\/p>\n<h2>Cobertura de entrega<\/h2>\n<p>Atendemos pedidos a nivel nacional. Los env\u00edos son realizados por la empresa Olva Courier con cobertura en todos los distritos del Per\u00fa y departamentos del Per\u00fa y con la empresa Mail on Bike con cobertura en diversos distritos de Lima.<\/p>\n<p>El tiempo de env\u00edo depende del destino de entrega. Este tiempo de entrega se cuenta a partir del momento en el que se haya verificado el pago correspondiente.<\/p>\n<p>De acuerdo al destino de entrega elegido por el cliente y al peso total de los productos adquiridos, se sumar\u00e1 al costo total del pedido el costo de env\u00edo que corresponda y que se podr\u00e1 visualizar en el carrito de compras al momento de la compra.<\/p>\n<h2>Horario de entrega<\/h2>\n<p>El horario de entrega de mercader\u00eda es de 9 am a 6 pm siempre y cuando el pedido se haya registrado y verificado hasta antes de las 4 pm y se haya verificado el pago correspondiente (la verificaci\u00f3n del pedido podr\u00eda tomar hasta un m\u00e1ximo de 24 horas despu\u00e9s de su recepci\u00f3n). Se le avisar\u00e1 con anticipaci\u00f3n de la llegada de su producto, como m\u00ednimo con una hora de anticipaci\u00f3n.<\/p>\n<h2>Entrega del producto<\/h2>\n<p>El costo de env\u00edo incluye hasta un intento de entrega como m\u00e1ximo. En caso se hayan realizado el intento y no haya sido posible entregar el pedido, \u00e9ste volver\u00e1 al Almac\u00e9n de EVEA y ser\u00e1 el cliente el responsable de su recojo.<\/p>\n<p>Si autorizas a una persona a recibir el producto en tu ausencia, es indispensable que tenga a la mano su DNI durante el despacho (no se entregar\u00e1n productos a menores de edad).<\/p>\n<p>Al momento de la entrega, la persona que recibe el producto es responsable de revisar el producto, accesorios, manuales y certificado de garant\u00eda antes que se retire el operador log\u00edstico contratado por EVEA. Una vez que se haya retirado el operador, no habr\u00e1 lugar a devoluci\u00f3n o reclamo de partes faltantes.<\/p>\n<p>El operador log\u00edstico no est\u00e1 autorizado a recibir pago alguno por la compra.<\/p>\n<p>\u00daltima actualizaci\u00f3n:\u00a017 de diciembre del 2019.[\/vc_column_text][\/vc_column][\/vc_row]<\/p>\n<\/div>","protected":false},"excerpt":{"rendered":"<p>[vc_row][vc_column][vc_column_text]La presente informaci\u00f3n es publicada con el objetivo de dar a conocer a nuestros clientes nuestras pol\u00edticas de entrega de pedidos realizados desde nuestro sitio web. Cobertura de entrega Atendemos<\/p>\n","protected":false},"author":5,"featured_media":0,"parent":0,"menu_order":0,"comment_status":"closed","ping_status":"closed","template":"","meta":{"_acf_changed":false,"sfsi_plus_gutenberg_text_before_share":"","sfsi_plus_gutenberg_show_text_before_share":"","sfsi_plus_gutenberg_icon_type":"","sfsi_plus_gutenberg_icon_alignemt":"","sfsi_plus_gutenburg_max_per_row":"","footnotes":""},"class_list":["post-653","page","type-page","status-publish","hentry"],"acf":[],"yoast_head":"<!-- This site is optimized with the Yoast SEO plugin v27.2 - https:\/\/yoast.com\/product\/yoast-seo-wordpress\/ -->\n<title>Condiciones de Entrega - Evea Eco Fashion<\/title>\n<meta name=\"robots\" content=\"index, follow, max-snippet:-1, max-image-preview:large, max-video-preview:-1\" \/>\n<link rel=\"canonical\" href=\"https:\/\/evea-ecofashion.com\/es\/condiciones-de-entrega\/\" \/>\n<meta property=\"og:locale\" content=\"es_ES\" \/>\n<meta property=\"og:type\" content=\"article\" \/>\n<meta property=\"og:title\" content=\"Condiciones de Entrega - Evea Eco Fashion\" \/>\n<meta property=\"og:description\" content=\"[vc_row][vc_column][vc_column_text]La presente informaci\u00f3n es publicada con el objetivo de dar a conocer a nuestros clientes nuestras pol\u00edticas de entrega de pedidos realizados desde nuestro sitio web. Cobertura de entrega Atendemos\" \/>\n<meta property=\"og:url\" content=\"https:\/\/evea-ecofashion.com\/es\/condiciones-de-entrega\/\" \/>\n<meta property=\"og:site_name\" content=\"Evea Eco Fashion\" \/>\n<meta property=\"article:publisher\" content=\"https:\/\/facebook.com\/evea.ecofashion\" \/>\n<meta property=\"article:modified_time\" content=\"2019-12-21T05:26:49+00:00\" \/>\n<meta name=\"twitter:card\" content=\"summary_large_image\" \/>\n<meta name=\"twitter:site\" content=\"@evea_ecoamazon\" \/>\n<meta name=\"twitter:label1\" content=\"Tiempo de lectura\" \/>\n\t<meta name=\"twitter:data1\" content=\"2 minutos\" \/>\n<script type=\"application\/ld+json\" class=\"yoast-schema-graph\">{\"@context\":\"https:\/\/schema.org\",\"@graph\":[{\"@type\":\"WebPage\",\"@id\":\"https:\/\/evea-ecofashion.com\/es\/condiciones-de-entrega\/\",\"url\":\"https:\/\/evea-ecofashion.com\/es\/condiciones-de-entrega\/\",\"name\":\"Condiciones de Entrega - Evea Eco Fashion\",\"isPartOf\":{\"@id\":\"https:\/\/evea-ecofashion.com\/es\/#website\"},\"datePublished\":\"2019-12-21T05:22:52+00:00\",\"dateModified\":\"2019-12-21T05:26:49+00:00\",\"breadcrumb\":{\"@id\":\"https:\/\/evea-ecofashion.com\/es\/condiciones-de-entrega\/#breadcrumb\"},\"inLanguage\":\"es\",\"potentialAction\":[{\"@type\":\"ReadAction\",\"target\":[\"https:\/\/evea-ecofashion.com\/es\/condiciones-de-entrega\/\"]}]},{\"@type\":\"BreadcrumbList\",\"@id\":\"https:\/\/evea-ecofashion.com\/es\/condiciones-de-entrega\/#breadcrumb\",\"itemListElement\":[{\"@type\":\"ListItem\",\"position\":1,\"name\":\"Portada\",\"item\":\"https:\/\/evea-ecofashion.com\/es\/\"},{\"@type\":\"ListItem\",\"position\":2,\"name\":\"Condiciones de Entrega\"}]},{\"@type\":\"WebSite\",\"@id\":\"https:\/\/evea-ecofashion.com\/es\/#website\",\"url\":\"https:\/\/evea-ecofashion.com\/es\/\",\"name\":\"Evea Eco Fashion\",\"description\":\"Otro sitio m\u00e1s de Sitios de Evea\",\"publisher\":{\"@id\":\"https:\/\/evea-ecofashion.com\/es\/#organization\"},\"potentialAction\":[{\"@type\":\"SearchAction\",\"target\":{\"@type\":\"EntryPoint\",\"urlTemplate\":\"https:\/\/evea-ecofashion.com\/es\/?s={search_term_string}\"},\"query-input\":{\"@type\":\"PropertyValueSpecification\",\"valueRequired\":true,\"valueName\":\"search_term_string\"}}],\"inLanguage\":\"es\"},{\"@type\":\"Organization\",\"@id\":\"https:\/\/evea-ecofashion.com\/es\/#organization\",\"name\":\"Evea Eco Fashion\",\"url\":\"https:\/\/evea-ecofashion.com\/es\/\",\"logo\":{\"@type\":\"ImageObject\",\"inLanguage\":\"es\",\"@id\":\"https:\/\/evea-ecofashion.com\/es\/#\/schema\/logo\/image\/\",\"url\":\"https:\/\/evea-ecofashion.com\/es\/wp-content\/uploads\/sites\/7\/2019\/12\/logo-evea.png\",\"contentUrl\":\"https:\/\/evea-ecofashion.com\/es\/wp-content\/uploads\/sites\/7\/2019\/12\/logo-evea.png\",\"width\":333,\"height\":187,\"caption\":\"Evea Eco Fashion\"},\"image\":{\"@id\":\"https:\/\/evea-ecofashion.com\/es\/#\/schema\/logo\/image\/\"},\"sameAs\":[\"https:\/\/facebook.com\/evea.ecofashion\",\"https:\/\/x.com\/evea_ecoamazon\",\"https:\/\/instagram.com\/eveaecofashion\",\"https:\/\/www.youtube.com\/channel\/UCB-Uxlp96EHkJzye6xrw_Eg\"]}]}<\/script>\n<!-- \/ Yoast SEO plugin. -->","yoast_head_json":{"title":"Condiciones de Entrega - Evea Eco Fashion","robots":{"index":"index","follow":"follow","max-snippet":"max-snippet:-1","max-image-preview":"max-image-preview:large","max-video-preview":"max-video-preview:-1"},"canonical":"https:\/\/evea-ecofashion.com\/es\/condiciones-de-entrega\/","og_locale":"es_ES","og_type":"article","og_title":"Condiciones de Entrega - Evea Eco Fashion","og_description":"[vc_row][vc_column][vc_column_text]La presente informaci\u00f3n es publicada con el objetivo de dar a conocer a nuestros clientes nuestras pol\u00edticas de entrega de pedidos realizados desde nuestro sitio web. Cobertura de entrega Atendemos","og_url":"https:\/\/evea-ecofashion.com\/es\/condiciones-de-entrega\/","og_site_name":"Evea Eco Fashion","article_publisher":"https:\/\/facebook.com\/evea.ecofashion","article_modified_time":"2019-12-21T05:26:49+00:00","twitter_card":"summary_large_image","twitter_site":"@evea_ecoamazon","twitter_misc":{"Tiempo de lectura":"2 minutos"},"schema":{"@context":"https:\/\/schema.org","@graph":[{"@type":"WebPage","@id":"https:\/\/evea-ecofashion.com\/es\/condiciones-de-entrega\/","url":"https:\/\/evea-ecofashion.com\/es\/condiciones-de-entrega\/","name":"Condiciones de Entrega - Evea Eco Fashion","isPartOf":{"@id":"https:\/\/evea-ecofashion.com\/es\/#website"},"datePublished":"2019-12-21T05:22:52+00:00","dateModified":"2019-12-21T05:26:49+00:00","breadcrumb":{"@id":"https:\/\/evea-ecofashion.com\/es\/condiciones-de-entrega\/#breadcrumb"},"inLanguage":"es","potentialAction":[{"@type":"ReadAction","target":["https:\/\/evea-ecofashion.com\/es\/condiciones-de-entrega\/"]}]},{"@type":"BreadcrumbList","@id":"https:\/\/evea-ecofashion.com\/es\/condiciones-de-entrega\/#breadcrumb","itemListElement":[{"@type":"ListItem","position":1,"name":"Portada","item":"https:\/\/evea-ecofashion.com\/es\/"},{"@type":"ListItem","position":2,"name":"Condiciones de Entrega"}]},{"@type":"WebSite","@id":"https:\/\/evea-ecofashion.com\/es\/#website","url":"https:\/\/evea-ecofashion.com\/es\/","name":"Evea Eco Fashion","description":"Otro sitio m\u00e1s de Sitios de Evea","publisher":{"@id":"https:\/\/evea-ecofashion.com\/es\/#organization"},"potentialAction":[{"@type":"SearchAction","target":{"@type":"EntryPoint","urlTemplate":"https:\/\/evea-ecofashion.com\/es\/?s={search_term_string}"},"query-input":{"@type":"PropertyValueSpecification","valueRequired":true,"valueName":"search_term_string"}}],"inLanguage":"es"},{"@type":"Organization","@id":"https:\/\/evea-ecofashion.com\/es\/#organization","name":"Evea Eco Fashion","url":"https:\/\/evea-ecofashion.com\/es\/","logo":{"@type":"ImageObject","inLanguage":"es","@id":"https:\/\/evea-ecofashion.com\/es\/#\/schema\/logo\/image\/","url":"https:\/\/evea-ecofashion.com\/es\/wp-content\/uploads\/sites\/7\/2019\/12\/logo-evea.png","contentUrl":"https:\/\/evea-ecofashion.com\/es\/wp-content\/uploads\/sites\/7\/2019\/12\/logo-evea.png","width":333,"height":187,"caption":"Evea Eco Fashion"},"image":{"@id":"https:\/\/evea-ecofashion.com\/es\/#\/schema\/logo\/image\/"},"sameAs":["https:\/\/facebook.com\/evea.ecofashion","https:\/\/x.com\/evea_ecoamazon","https:\/\/instagram.com\/eveaecofashion","https:\/\/www.youtube.com\/channel\/UCB-Uxlp96EHkJzye6xrw_Eg"]}]}},"_links":{"self":[{"href":"https:\/\/evea-ecofashion.com\/es\/wp-json\/wp\/v2\/pages\/653","targetHints":{"allow":["GET"]}}],"collection":[{"href":"https:\/\/evea-ecofashion.com\/es\/wp-json\/wp\/v2\/pages"}],"about":[{"href":"https:\/\/evea-ecofashion.com\/es\/wp-json\/wp\/v2\/types\/page"}],"author":[{"embeddable":true,"href":"https:\/\/evea-ecofashion.com\/es\/wp-json\/wp\/v2\/users\/5"}],"replies":[{"embeddable":true,"href":"https:\/\/evea-ecofashion.com\/es\/wp-json\/wp\/v2\/comments?post=653"}],"version-history":[{"count":5,"href":"https:\/\/evea-ecofashion.com\/es\/wp-json\/wp\/v2\/pages\/653\/revisions"}],"predecessor-version":[{"id":657,"href":"https:\/\/evea-ecofashion.com\/es\/wp-json\/wp\/v2\/pages\/653\/revisions\/657"}],"wp:attachment":[{"href":"https:\/\/evea-ecofashion.com\/es\/wp-json\/wp\/v2\/media?parent=653"}],"curies":[{"name":"wp","href":"https:\/\/api.w.org\/{rel}","templated":true}]}}