{"id":641,"date":"2019-12-21T00:01:52","date_gmt":"2019-12-21T05:01:52","guid":{"rendered":"https:\/\/evea-ecofashion.com\/es\/?page_id=641"},"modified":"2019-12-21T00:33:43","modified_gmt":"2019-12-21T05:33:43","slug":"politicas-del-sitio","status":"publish","type":"page","link":"https:\/\/evea-ecofashion.com\/es\/politicas-del-sitio\/","title":{"rendered":"Pol\u00edticas del Sitio"},"content":{"rendered":"<div class=\"wpb-content-wrapper\"><p>[vc_row][vc_column]<div id=\"ultimate-heading-22169ea2d652d617\" class=\"uvc-heading ult-adjust-bottom-margin ultimate-heading-22169ea2d652d617 uvc-7613 \" data-hspacer=\"no_spacer\"  data-halign=\"center\" style=\"text-align:center\"><div class=\"uvc-heading-spacer no_spacer\" style=\"top\"><\/div><div class=\"uvc-main-heading ult-responsive\"  data-ultimate-target='.uvc-heading.ultimate-heading-22169ea2d652d617 h1'  data-responsive-json-new='{\"font-size\":\"\",\"line-height\":\"\"}' ><h1 style=\"font-weight:normal;margin-bottom:1.07em;\">Pol\u00edticas del Sitio<\/h1><\/div><\/div>[vc_column_text]<\/p>\n<p><strong>GRUPO EVEA S.A.C.<\/strong>\u00a0es la propietaria de la marca comercial\u00a0<strong>EVEA ECOFASHION<\/strong>\u00a0(en adelante EVEA) y la operadora del sitio web\u00a0<strong>www.evea-ecofashion.com<\/strong>\u00a0y como tal, define las siguientes pol\u00edticas del sitio como una forma de ordenar, identificar y priorizar su pol\u00edtica de atenci\u00f3n al cliente online, referencia directa y veraz sobre la normativa comercial vigente en su web.<\/p>\n<ol>\n<li>Los visitantes tendr\u00e1n acceso al cat\u00e1logo completo y a la informaci\u00f3n basada en precios.<\/li>\n<li>El visitante del sitio web al subscribirse acepta que EVEA les pueda enviar de forma regular, correo electr\u00f3nico promocional o informativo. En todos los casos el usuario subscrito acepta que dicho correo tiene car\u00e1cter de CORREO DESEADO y NO INCUMPLE con ninguna normativa vigente en el pa\u00eds de origen del suscriptor. Al mismo tiempo, el usuario subscrito podr\u00e1 solicitar retirarse de la Base de datos de env\u00edos regulares, en el momento en que lo desee, a trav\u00e9s del correo electr\u00f3nico de Evea.<\/li>\n<li>La informaci\u00f3n de los usuarios subscritos se mantiene en la m\u00e1s estricta reserva, no es objeto de comercializaci\u00f3n a terceros, no es compartida con empresa alguna, ni tampoco utilizada para el env\u00edo de correo electr\u00f3nico no relacionado a los \u00e1mbitos de negocio de EVEA o sus futuros sitios web corporativos.<\/li>\n<li>Un usuario suscriptor podr\u00e1 retirar su suscripci\u00f3n en cualquier momento, perdiendo los beneficios de acceso a informaci\u00f3n, recepci\u00f3n de correo electr\u00f3nico promocional y otros beneficios que EVEA defina o haya definido para sus suscriptores, sin perjuicio para EVEA de la eliminaci\u00f3n del total de informaci\u00f3n que pudiera haber registrado dicho usuario.<\/li>\n<li>Los usuarios subscritos y visitantes toman conocimiento de que las im\u00e1genes que en el sitio web se muestran tienen y mantienen un\u00a0copyright\u00a0que beneficia exclusivamente a EVEA. EVEA se reserva el derecho de interponer cualquier tipo de demanda con respecto al uso indebido, plagio o utilizaci\u00f3n indebida, alteraci\u00f3n o reedici\u00f3n de im\u00e1genes, sin consentimiento o autorizaci\u00f3n formal de EVEA y las marcas representadas.<\/li>\n<li>Los productos mostrados en el sitio web, no necesariamente reflejan el stock presente en nuestras tiendas, raz\u00f3n por la cual, siempre ser\u00e1 una buena idea, comunicarse con las oficinas de EVEA (al tel\u00e9fonos 92985124 o por medio del chat de algunas de sus redes sociales oficiales) para confirmar la existencia de otras l\u00edneas de producto disponible.<\/li>\n<\/ol>\n<p>\u00daltima actualizaci\u00f3n: 17 de diciembre del 2019.<\/p>\n<p>[\/vc_column_text][\/vc_column][\/vc_row]<\/p>\n<\/div>","protected":false},"excerpt":{"rendered":"<p>[vc_row][vc_column][vc_column_text] GRUPO EVEA S.A.C.\u00a0es la propietaria de la marca comercial\u00a0EVEA ECOFASHION\u00a0(en adelante EVEA) y la operadora del sitio web\u00a0www.evea-ecofashion.com\u00a0y como tal, define las siguientes pol\u00edticas del sitio como una forma<\/p>\n","protected":false},"author":5,"featured_media":0,"parent":0,"menu_order":0,"comment_status":"closed","ping_status":"closed","template":"","meta":{"_acf_changed":false,"sfsi_plus_gutenberg_text_before_share":"","sfsi_plus_gutenberg_show_text_before_share":"","sfsi_plus_gutenberg_icon_type":"","sfsi_plus_gutenberg_icon_alignemt":"","sfsi_plus_gutenburg_max_per_row":"","footnotes":""},"class_list":["post-641","page","type-page","status-publish","hentry"],"acf":[],"yoast_head":"<!-- This site is optimized with the Yoast SEO plugin v27.2 - https:\/\/yoast.com\/product\/yoast-seo-wordpress\/ -->\n<title>Pol\u00edticas del Sitio - Evea Eco Fashion<\/title>\n<meta name=\"robots\" content=\"index, follow, max-snippet:-1, max-image-preview:large, max-video-preview:-1\" \/>\n<link rel=\"canonical\" href=\"https:\/\/evea-ecofashion.com\/es\/politicas-del-sitio\/\" \/>\n<meta property=\"og:locale\" content=\"es_ES\" \/>\n<meta property=\"og:type\" content=\"article\" \/>\n<meta property=\"og:title\" content=\"Pol\u00edticas del Sitio - Evea Eco Fashion\" \/>\n<meta property=\"og:description\" content=\"[vc_row][vc_column][vc_column_text] GRUPO EVEA S.A.C.\u00a0es la propietaria de la marca comercial\u00a0EVEA ECOFASHION\u00a0(en adelante EVEA) y la operadora del sitio web\u00a0www.evea-ecofashion.com\u00a0y como tal, define las siguientes pol\u00edticas del sitio como una forma\" \/>\n<meta property=\"og:url\" content=\"https:\/\/evea-ecofashion.com\/es\/politicas-del-sitio\/\" \/>\n<meta property=\"og:site_name\" content=\"Evea Eco Fashion\" \/>\n<meta property=\"article:publisher\" content=\"https:\/\/facebook.com\/evea.ecofashion\" \/>\n<meta property=\"article:modified_time\" content=\"2019-12-21T05:33:43+00:00\" \/>\n<meta name=\"twitter:card\" content=\"summary_large_image\" \/>\n<meta name=\"twitter:site\" content=\"@evea_ecoamazon\" \/>\n<meta name=\"twitter:label1\" content=\"Tiempo de lectura\" \/>\n\t<meta name=\"twitter:data1\" content=\"2 minutos\" \/>\n<script type=\"application\/ld+json\" class=\"yoast-schema-graph\">{\"@context\":\"https:\/\/schema.org\",\"@graph\":[{\"@type\":\"WebPage\",\"@id\":\"https:\/\/evea-ecofashion.com\/es\/politicas-del-sitio\/\",\"url\":\"https:\/\/evea-ecofashion.com\/es\/politicas-del-sitio\/\",\"name\":\"Pol\u00edticas del Sitio - Evea Eco Fashion\",\"isPartOf\":{\"@id\":\"https:\/\/evea-ecofashion.com\/es\/#website\"},\"datePublished\":\"2019-12-21T05:01:52+00:00\",\"dateModified\":\"2019-12-21T05:33:43+00:00\",\"breadcrumb\":{\"@id\":\"https:\/\/evea-ecofashion.com\/es\/politicas-del-sitio\/#breadcrumb\"},\"inLanguage\":\"es\",\"potentialAction\":[{\"@type\":\"ReadAction\",\"target\":[\"https:\/\/evea-ecofashion.com\/es\/politicas-del-sitio\/\"]}]},{\"@type\":\"BreadcrumbList\",\"@id\":\"https:\/\/evea-ecofashion.com\/es\/politicas-del-sitio\/#breadcrumb\",\"itemListElement\":[{\"@type\":\"ListItem\",\"position\":1,\"name\":\"Portada\",\"item\":\"https:\/\/evea-ecofashion.com\/es\/\"},{\"@type\":\"ListItem\",\"position\":2,\"name\":\"Pol\u00edticas del Sitio\"}]},{\"@type\":\"WebSite\",\"@id\":\"https:\/\/evea-ecofashion.com\/es\/#website\",\"url\":\"https:\/\/evea-ecofashion.com\/es\/\",\"name\":\"Evea Eco Fashion\",\"description\":\"Otro sitio m\u00e1s de Sitios de Evea\",\"publisher\":{\"@id\":\"https:\/\/evea-ecofashion.com\/es\/#organization\"},\"potentialAction\":[{\"@type\":\"SearchAction\",\"target\":{\"@type\":\"EntryPoint\",\"urlTemplate\":\"https:\/\/evea-ecofashion.com\/es\/?s={search_term_string}\"},\"query-input\":{\"@type\":\"PropertyValueSpecification\",\"valueRequired\":true,\"valueName\":\"search_term_string\"}}],\"inLanguage\":\"es\"},{\"@type\":\"Organization\",\"@id\":\"https:\/\/evea-ecofashion.com\/es\/#organization\",\"name\":\"Evea Eco Fashion\",\"url\":\"https:\/\/evea-ecofashion.com\/es\/\",\"logo\":{\"@type\":\"ImageObject\",\"inLanguage\":\"es\",\"@id\":\"https:\/\/evea-ecofashion.com\/es\/#\/schema\/logo\/image\/\",\"url\":\"https:\/\/evea-ecofashion.com\/es\/wp-content\/uploads\/sites\/7\/2019\/12\/logo-evea.png\",\"contentUrl\":\"https:\/\/evea-ecofashion.com\/es\/wp-content\/uploads\/sites\/7\/2019\/12\/logo-evea.png\",\"width\":333,\"height\":187,\"caption\":\"Evea Eco Fashion\"},\"image\":{\"@id\":\"https:\/\/evea-ecofashion.com\/es\/#\/schema\/logo\/image\/\"},\"sameAs\":[\"https:\/\/facebook.com\/evea.ecofashion\",\"https:\/\/x.com\/evea_ecoamazon\",\"https:\/\/instagram.com\/eveaecofashion\",\"https:\/\/www.youtube.com\/channel\/UCB-Uxlp96EHkJzye6xrw_Eg\"]}]}<\/script>\n<!-- \/ Yoast SEO plugin. -->","yoast_head_json":{"title":"Pol\u00edticas del Sitio - Evea Eco Fashion","robots":{"index":"index","follow":"follow","max-snippet":"max-snippet:-1","max-image-preview":"max-image-preview:large","max-video-preview":"max-video-preview:-1"},"canonical":"https:\/\/evea-ecofashion.com\/es\/politicas-del-sitio\/","og_locale":"es_ES","og_type":"article","og_title":"Pol\u00edticas del Sitio - Evea Eco Fashion","og_description":"[vc_row][vc_column][vc_column_text] GRUPO EVEA S.A.C.\u00a0es la propietaria de la marca comercial\u00a0EVEA ECOFASHION\u00a0(en adelante EVEA) y la operadora del sitio web\u00a0www.evea-ecofashion.com\u00a0y como tal, define las siguientes pol\u00edticas del sitio como una forma","og_url":"https:\/\/evea-ecofashion.com\/es\/politicas-del-sitio\/","og_site_name":"Evea Eco Fashion","article_publisher":"https:\/\/facebook.com\/evea.ecofashion","article_modified_time":"2019-12-21T05:33:43+00:00","twitter_card":"summary_large_image","twitter_site":"@evea_ecoamazon","twitter_misc":{"Tiempo de lectura":"2 minutos"},"schema":{"@context":"https:\/\/schema.org","@graph":[{"@type":"WebPage","@id":"https:\/\/evea-ecofashion.com\/es\/politicas-del-sitio\/","url":"https:\/\/evea-ecofashion.com\/es\/politicas-del-sitio\/","name":"Pol\u00edticas del Sitio - Evea Eco Fashion","isPartOf":{"@id":"https:\/\/evea-ecofashion.com\/es\/#website"},"datePublished":"2019-12-21T05:01:52+00:00","dateModified":"2019-12-21T05:33:43+00:00","breadcrumb":{"@id":"https:\/\/evea-ecofashion.com\/es\/politicas-del-sitio\/#breadcrumb"},"inLanguage":"es","potentialAction":[{"@type":"ReadAction","target":["https:\/\/evea-ecofashion.com\/es\/politicas-del-sitio\/"]}]},{"@type":"BreadcrumbList","@id":"https:\/\/evea-ecofashion.com\/es\/politicas-del-sitio\/#breadcrumb","itemListElement":[{"@type":"ListItem","position":1,"name":"Portada","item":"https:\/\/evea-ecofashion.com\/es\/"},{"@type":"ListItem","position":2,"name":"Pol\u00edticas del Sitio"}]},{"@type":"WebSite","@id":"https:\/\/evea-ecofashion.com\/es\/#website","url":"https:\/\/evea-ecofashion.com\/es\/","name":"Evea Eco Fashion","description":"Otro sitio m\u00e1s de Sitios de Evea","publisher":{"@id":"https:\/\/evea-ecofashion.com\/es\/#organization"},"potentialAction":[{"@type":"SearchAction","target":{"@type":"EntryPoint","urlTemplate":"https:\/\/evea-ecofashion.com\/es\/?s={search_term_string}"},"query-input":{"@type":"PropertyValueSpecification","valueRequired":true,"valueName":"search_term_string"}}],"inLanguage":"es"},{"@type":"Organization","@id":"https:\/\/evea-ecofashion.com\/es\/#organization","name":"Evea Eco Fashion","url":"https:\/\/evea-ecofashion.com\/es\/","logo":{"@type":"ImageObject","inLanguage":"es","@id":"https:\/\/evea-ecofashion.com\/es\/#\/schema\/logo\/image\/","url":"https:\/\/evea-ecofashion.com\/es\/wp-content\/uploads\/sites\/7\/2019\/12\/logo-evea.png","contentUrl":"https:\/\/evea-ecofashion.com\/es\/wp-content\/uploads\/sites\/7\/2019\/12\/logo-evea.png","width":333,"height":187,"caption":"Evea Eco Fashion"},"image":{"@id":"https:\/\/evea-ecofashion.com\/es\/#\/schema\/logo\/image\/"},"sameAs":["https:\/\/facebook.com\/evea.ecofashion","https:\/\/x.com\/evea_ecoamazon","https:\/\/instagram.com\/eveaecofashion","https:\/\/www.youtube.com\/channel\/UCB-Uxlp96EHkJzye6xrw_Eg"]}]}},"_links":{"self":[{"href":"https:\/\/evea-ecofashion.com\/es\/wp-json\/wp\/v2\/pages\/641","targetHints":{"allow":["GET"]}}],"collection":[{"href":"https:\/\/evea-ecofashion.com\/es\/wp-json\/wp\/v2\/pages"}],"about":[{"href":"https:\/\/evea-ecofashion.com\/es\/wp-json\/wp\/v2\/types\/page"}],"author":[{"embeddable":true,"href":"https:\/\/evea-ecofashion.com\/es\/wp-json\/wp\/v2\/users\/5"}],"replies":[{"embeddable":true,"href":"https:\/\/evea-ecofashion.com\/es\/wp-json\/wp\/v2\/comments?post=641"}],"version-history":[{"count":8,"href":"https:\/\/evea-ecofashion.com\/es\/wp-json\/wp\/v2\/pages\/641\/revisions"}],"predecessor-version":[{"id":661,"href":"https:\/\/evea-ecofashion.com\/es\/wp-json\/wp\/v2\/pages\/641\/revisions\/661"}],"wp:attachment":[{"href":"https:\/\/evea-ecofashion.com\/es\/wp-json\/wp\/v2\/media?parent=641"}],"curies":[{"name":"wp","href":"https:\/\/api.w.org\/{rel}","templated":true}]}}