{"id":269,"date":"2019-12-11T19:26:55","date_gmt":"2019-12-12T00:26:55","guid":{"rendered":"https:\/\/evea-ecofashion.com\/es-new3\/?page_id=269"},"modified":"2022-07-04T22:00:47","modified_gmt":"2022-07-05T03:00:47","slug":"contacto","status":"publish","type":"page","link":"https:\/\/evea-ecofashion.com\/es\/contacto\/","title":{"rendered":"Contacto"},"content":{"rendered":"<div class=\"wpb-content-wrapper\"><p>[vc_row full_width=\u00bbstretch_row\u00bb equal_height=\u00bbyes\u00bb content_placement=\u00bbtop\u00bb][vc_column width=\u00bb1\/2&#8243; el_class=\u00bbcol-form\u00bb el_id=\u00bbcol-form-suscripcion\u00bb][\/vc_column][\/vc_row][vc_row][vc_column width=\u00bb1\/2&#8243;]<div id=\"ultimate-heading-187469ea32cc832fb\" class=\"uvc-heading ult-adjust-bottom-margin ultimate-heading-187469ea32cc832fb uvc-8898 \" data-hspacer=\"no_spacer\"  data-halign=\"left\" style=\"text-align:left\"><div class=\"uvc-heading-spacer no_spacer\" style=\"top\"><\/div><div class=\"uvc-main-heading ult-responsive\"  data-ultimate-target='.uvc-heading.ultimate-heading-187469ea32cc832fb h2'  data-responsive-json-new='{\"font-size\":\"desktop:32px;\",\"line-height\":\"desktop:36px;\"}' ><h2 style=\"font-weight:normal;\">Escr\u00edbenos, cu\u00e9ntanos el dise\u00f1o que tienes en mente<\/h2><\/div><\/div>[vc_column_text][\/vc_column_text][contact-form-7 id=\u00bb45&#8243;][\/vc_column][vc_column width=\u00bb1\/2&#8243;][vc_column_text]<\/p>\n<p>&nbsp;<\/p>\n<p><strong>EMAIL EVEA :\u00a0 \u00a0<\/strong>contacto@evea-ecofashion.com<\/p>\n<p><strong>EMAIL FOUNDER :\u00a0\u00a0<\/strong> jorgect@evea-ecofashion.com<\/p>\n<p><strong>FACEBOOK :\u00a0\u00a0<\/strong> <a href=\"https:\/\/www.facebook.com\/evea.ecofashion\" target=\"_blank\" rel=\"noopener noreferrer\">@evea.ecofashion<\/a><\/p>\n<p><strong>INSTAGRAM :\u00a0\u00a0<\/strong> <a href=\"https:\/\/www.instagram.com\/evea.ecofashion\/\" target=\"_blank\" rel=\"noopener noreferrer\">@evea.ecofashion<\/a><\/p>\n<p>&nbsp;<\/p>\n<h5><iframe loading=\"lazy\" style=\"border: 0;\" src=\"https:\/\/www.google.com\/maps\/embed?pb=!1m14!1m8!1m3!1d15605.720277502076!2d-77.05194161361969!3d-12.082682867104642!3m2!1i1024!2i768!4f13.1!3m3!1m2!1s0x0%3A0xc4512abc800f95d8!2sEvea%20Ecofashion!5e0!3m2!1ses!2spe!4v1656595090610!5m2!1ses!2spe\" width=\"400\" height=\"300\" allowfullscreen=\"allowfullscreen\"><\/iframe><\/h5>\n<p>[\/vc_column_text][\/vc_column][\/vc_row][vc_row][vc_column][\/vc_column][\/vc_row]<\/p>\n<\/div>","protected":false},"excerpt":{"rendered":"<p>[vc_row full_width=\u00bbstretch_row\u00bb equal_height=\u00bbyes\u00bb content_placement=\u00bbtop\u00bb][vc_column width=\u00bb1\/2&#8243; el_class=\u00bbcol-form\u00bb el_id=\u00bbcol-form-suscripcion\u00bb][\/vc_column][\/vc_row][vc_row][vc_column width=\u00bb1\/2&#8243;][vc_column_text][\/vc_column_text][contact-form-7 id=\u00bb45&#8243;][\/vc_column][vc_column width=\u00bb1\/2&#8243;][vc_column_text] &nbsp; EMAIL EVEA :\u00a0 \u00a0contacto@evea-ecofashion.com EMAIL FOUNDER :\u00a0\u00a0 jorgect@evea-ecofashion.com FACEBOOK :\u00a0\u00a0 @evea.ecofashion INSTAGRAM :\u00a0\u00a0 @evea.ecofashion &nbsp; [\/vc_column_text][\/vc_column][\/vc_row][vc_row][vc_column][\/vc_column][\/vc_row]<\/p>\n","protected":false},"author":5,"featured_media":0,"parent":0,"menu_order":0,"comment_status":"closed","ping_status":"closed","template":"","meta":{"_acf_changed":false,"sfsi_plus_gutenberg_text_before_share":"","sfsi_plus_gutenberg_show_text_before_share":"","sfsi_plus_gutenberg_icon_type":"","sfsi_plus_gutenberg_icon_alignemt":"","sfsi_plus_gutenburg_max_per_row":"","footnotes":""},"class_list":["post-269","page","type-page","status-publish","hentry"],"acf":[],"yoast_head":"<!-- This site is optimized with the Yoast SEO plugin v27.2 - https:\/\/yoast.com\/product\/yoast-seo-wordpress\/ -->\n<title>Contacto - Evea Eco Fashion<\/title>\n<meta name=\"robots\" content=\"index, follow, max-snippet:-1, max-image-preview:large, max-video-preview:-1\" \/>\n<link rel=\"canonical\" href=\"https:\/\/evea-ecofashion.com\/es\/contacto\/\" \/>\n<meta property=\"og:locale\" content=\"es_ES\" \/>\n<meta property=\"og:type\" content=\"article\" \/>\n<meta property=\"og:title\" content=\"Contacto - Evea Eco Fashion\" \/>\n<meta property=\"og:description\" content=\"[vc_row full_width=\u00bbstretch_row\u00bb equal_height=\u00bbyes\u00bb content_placement=\u00bbtop\u00bb][vc_column width=\u00bb1\/2&#8243; el_class=\u00bbcol-form\u00bb el_id=\u00bbcol-form-suscripcion\u00bb][\/vc_column][\/vc_row][vc_row][vc_column width=\u00bb1\/2&#8243;][vc_column_text][\/vc_column_text][contact-form-7 id=\u00bb45&#8243;][\/vc_column][vc_column width=\u00bb1\/2&#8243;][vc_column_text] &nbsp; EMAIL EVEA :\u00a0 \u00a0contacto@evea-ecofashion.com EMAIL FOUNDER :\u00a0\u00a0 jorgect@evea-ecofashion.com FACEBOOK :\u00a0\u00a0 @evea.ecofashion INSTAGRAM :\u00a0\u00a0 @evea.ecofashion &nbsp; [\/vc_column_text][\/vc_column][\/vc_row][vc_row][vc_column][\/vc_column][\/vc_row]\" \/>\n<meta property=\"og:url\" content=\"https:\/\/evea-ecofashion.com\/es\/contacto\/\" \/>\n<meta property=\"og:site_name\" content=\"Evea Eco Fashion\" \/>\n<meta property=\"article:publisher\" content=\"https:\/\/facebook.com\/evea.ecofashion\" \/>\n<meta property=\"article:modified_time\" content=\"2022-07-05T03:00:47+00:00\" \/>\n<meta name=\"twitter:card\" content=\"summary_large_image\" \/>\n<meta name=\"twitter:site\" content=\"@evea_ecoamazon\" \/>\n<meta name=\"twitter:label1\" content=\"Tiempo de lectura\" \/>\n\t<meta name=\"twitter:data1\" content=\"1 minuto\" \/>\n<script type=\"application\/ld+json\" class=\"yoast-schema-graph\">{\"@context\":\"https:\/\/schema.org\",\"@graph\":[{\"@type\":\"WebPage\",\"@id\":\"https:\/\/evea-ecofashion.com\/es\/contacto\/\",\"url\":\"https:\/\/evea-ecofashion.com\/es\/contacto\/\",\"name\":\"Contacto - Evea Eco Fashion\",\"isPartOf\":{\"@id\":\"https:\/\/evea-ecofashion.com\/es\/#website\"},\"datePublished\":\"2019-12-12T00:26:55+00:00\",\"dateModified\":\"2022-07-05T03:00:47+00:00\",\"breadcrumb\":{\"@id\":\"https:\/\/evea-ecofashion.com\/es\/contacto\/#breadcrumb\"},\"inLanguage\":\"es\",\"potentialAction\":[{\"@type\":\"ReadAction\",\"target\":[\"https:\/\/evea-ecofashion.com\/es\/contacto\/\"]}]},{\"@type\":\"BreadcrumbList\",\"@id\":\"https:\/\/evea-ecofashion.com\/es\/contacto\/#breadcrumb\",\"itemListElement\":[{\"@type\":\"ListItem\",\"position\":1,\"name\":\"Portada\",\"item\":\"https:\/\/evea-ecofashion.com\/es\/\"},{\"@type\":\"ListItem\",\"position\":2,\"name\":\"Contacto\"}]},{\"@type\":\"WebSite\",\"@id\":\"https:\/\/evea-ecofashion.com\/es\/#website\",\"url\":\"https:\/\/evea-ecofashion.com\/es\/\",\"name\":\"Evea Eco Fashion\",\"description\":\"Otro sitio m\u00e1s de Sitios de Evea\",\"publisher\":{\"@id\":\"https:\/\/evea-ecofashion.com\/es\/#organization\"},\"potentialAction\":[{\"@type\":\"SearchAction\",\"target\":{\"@type\":\"EntryPoint\",\"urlTemplate\":\"https:\/\/evea-ecofashion.com\/es\/?s={search_term_string}\"},\"query-input\":{\"@type\":\"PropertyValueSpecification\",\"valueRequired\":true,\"valueName\":\"search_term_string\"}}],\"inLanguage\":\"es\"},{\"@type\":\"Organization\",\"@id\":\"https:\/\/evea-ecofashion.com\/es\/#organization\",\"name\":\"Evea Eco Fashion\",\"url\":\"https:\/\/evea-ecofashion.com\/es\/\",\"logo\":{\"@type\":\"ImageObject\",\"inLanguage\":\"es\",\"@id\":\"https:\/\/evea-ecofashion.com\/es\/#\/schema\/logo\/image\/\",\"url\":\"https:\/\/evea-ecofashion.com\/es\/wp-content\/uploads\/sites\/7\/2019\/12\/logo-evea.png\",\"contentUrl\":\"https:\/\/evea-ecofashion.com\/es\/wp-content\/uploads\/sites\/7\/2019\/12\/logo-evea.png\",\"width\":333,\"height\":187,\"caption\":\"Evea Eco Fashion\"},\"image\":{\"@id\":\"https:\/\/evea-ecofashion.com\/es\/#\/schema\/logo\/image\/\"},\"sameAs\":[\"https:\/\/facebook.com\/evea.ecofashion\",\"https:\/\/x.com\/evea_ecoamazon\",\"https:\/\/instagram.com\/eveaecofashion\",\"https:\/\/www.youtube.com\/channel\/UCB-Uxlp96EHkJzye6xrw_Eg\"]}]}<\/script>\n<!-- \/ Yoast SEO plugin. -->","yoast_head_json":{"title":"Contacto - Evea Eco Fashion","robots":{"index":"index","follow":"follow","max-snippet":"max-snippet:-1","max-image-preview":"max-image-preview:large","max-video-preview":"max-video-preview:-1"},"canonical":"https:\/\/evea-ecofashion.com\/es\/contacto\/","og_locale":"es_ES","og_type":"article","og_title":"Contacto - Evea Eco Fashion","og_description":"[vc_row full_width=\u00bbstretch_row\u00bb equal_height=\u00bbyes\u00bb content_placement=\u00bbtop\u00bb][vc_column width=\u00bb1\/2&#8243; el_class=\u00bbcol-form\u00bb el_id=\u00bbcol-form-suscripcion\u00bb][\/vc_column][\/vc_row][vc_row][vc_column width=\u00bb1\/2&#8243;][vc_column_text][\/vc_column_text][contact-form-7 id=\u00bb45&#8243;][\/vc_column][vc_column width=\u00bb1\/2&#8243;][vc_column_text] &nbsp; EMAIL EVEA :\u00a0 \u00a0contacto@evea-ecofashion.com EMAIL FOUNDER :\u00a0\u00a0 jorgect@evea-ecofashion.com FACEBOOK :\u00a0\u00a0 @evea.ecofashion INSTAGRAM :\u00a0\u00a0 @evea.ecofashion &nbsp; [\/vc_column_text][\/vc_column][\/vc_row][vc_row][vc_column][\/vc_column][\/vc_row]","og_url":"https:\/\/evea-ecofashion.com\/es\/contacto\/","og_site_name":"Evea Eco Fashion","article_publisher":"https:\/\/facebook.com\/evea.ecofashion","article_modified_time":"2022-07-05T03:00:47+00:00","twitter_card":"summary_large_image","twitter_site":"@evea_ecoamazon","twitter_misc":{"Tiempo de lectura":"1 minuto"},"schema":{"@context":"https:\/\/schema.org","@graph":[{"@type":"WebPage","@id":"https:\/\/evea-ecofashion.com\/es\/contacto\/","url":"https:\/\/evea-ecofashion.com\/es\/contacto\/","name":"Contacto - Evea Eco Fashion","isPartOf":{"@id":"https:\/\/evea-ecofashion.com\/es\/#website"},"datePublished":"2019-12-12T00:26:55+00:00","dateModified":"2022-07-05T03:00:47+00:00","breadcrumb":{"@id":"https:\/\/evea-ecofashion.com\/es\/contacto\/#breadcrumb"},"inLanguage":"es","potentialAction":[{"@type":"ReadAction","target":["https:\/\/evea-ecofashion.com\/es\/contacto\/"]}]},{"@type":"BreadcrumbList","@id":"https:\/\/evea-ecofashion.com\/es\/contacto\/#breadcrumb","itemListElement":[{"@type":"ListItem","position":1,"name":"Portada","item":"https:\/\/evea-ecofashion.com\/es\/"},{"@type":"ListItem","position":2,"name":"Contacto"}]},{"@type":"WebSite","@id":"https:\/\/evea-ecofashion.com\/es\/#website","url":"https:\/\/evea-ecofashion.com\/es\/","name":"Evea Eco Fashion","description":"Otro sitio m\u00e1s de Sitios de Evea","publisher":{"@id":"https:\/\/evea-ecofashion.com\/es\/#organization"},"potentialAction":[{"@type":"SearchAction","target":{"@type":"EntryPoint","urlTemplate":"https:\/\/evea-ecofashion.com\/es\/?s={search_term_string}"},"query-input":{"@type":"PropertyValueSpecification","valueRequired":true,"valueName":"search_term_string"}}],"inLanguage":"es"},{"@type":"Organization","@id":"https:\/\/evea-ecofashion.com\/es\/#organization","name":"Evea Eco Fashion","url":"https:\/\/evea-ecofashion.com\/es\/","logo":{"@type":"ImageObject","inLanguage":"es","@id":"https:\/\/evea-ecofashion.com\/es\/#\/schema\/logo\/image\/","url":"https:\/\/evea-ecofashion.com\/es\/wp-content\/uploads\/sites\/7\/2019\/12\/logo-evea.png","contentUrl":"https:\/\/evea-ecofashion.com\/es\/wp-content\/uploads\/sites\/7\/2019\/12\/logo-evea.png","width":333,"height":187,"caption":"Evea Eco Fashion"},"image":{"@id":"https:\/\/evea-ecofashion.com\/es\/#\/schema\/logo\/image\/"},"sameAs":["https:\/\/facebook.com\/evea.ecofashion","https:\/\/x.com\/evea_ecoamazon","https:\/\/instagram.com\/eveaecofashion","https:\/\/www.youtube.com\/channel\/UCB-Uxlp96EHkJzye6xrw_Eg"]}]}},"_links":{"self":[{"href":"https:\/\/evea-ecofashion.com\/es\/wp-json\/wp\/v2\/pages\/269","targetHints":{"allow":["GET"]}}],"collection":[{"href":"https:\/\/evea-ecofashion.com\/es\/wp-json\/wp\/v2\/pages"}],"about":[{"href":"https:\/\/evea-ecofashion.com\/es\/wp-json\/wp\/v2\/types\/page"}],"author":[{"embeddable":true,"href":"https:\/\/evea-ecofashion.com\/es\/wp-json\/wp\/v2\/users\/5"}],"replies":[{"embeddable":true,"href":"https:\/\/evea-ecofashion.com\/es\/wp-json\/wp\/v2\/comments?post=269"}],"version-history":[{"count":10,"href":"https:\/\/evea-ecofashion.com\/es\/wp-json\/wp\/v2\/pages\/269\/revisions"}],"predecessor-version":[{"id":5116,"href":"https:\/\/evea-ecofashion.com\/es\/wp-json\/wp\/v2\/pages\/269\/revisions\/5116"}],"wp:attachment":[{"href":"https:\/\/evea-ecofashion.com\/es\/wp-json\/wp\/v2\/media?parent=269"}],"curies":[{"name":"wp","href":"https:\/\/api.w.org\/{rel}","templated":true}]}}