{"id":157,"date":"2019-12-10T20:48:56","date_gmt":"2019-12-11T01:48:56","guid":{"rendered":"http:\/\/evea-ecofashion.com\/es-new3\/?page_id=157"},"modified":"2024-07-11T22:51:41","modified_gmt":"2024-07-12T03:51:41","slug":"sostenibilidad-moda-y-bosques","status":"publish","type":"page","link":"https:\/\/evea-ecofashion.com\/es\/sostenibilidad-moda-y-bosques\/","title":{"rendered":"Sostenibilidad"},"content":{"rendered":"<div class=\"wpb-content-wrapper\"><p>[vc_row el_id=\u00bbmoda-etica-y-sostenible\u00bb][vc_column width=\u00bb1\/2&#8243;][vc_column_text]<\/p>\n<h2>Moda \u00e9tica y sostenible<\/h2>\n<p>Para entender la moda Sostenible, hay que primero reflexionar lo que es la \u00a0moda actual, que es en su esencia: comprar, usar y tirar. La moda tal como la conocemos se centra en la est\u00e9tica y\u00a0 desenvuelve en lo seriado, el consumismo, la masividad, la estandarizaci\u00f3n.\u00a0 Y esto genera un gran consumo de recursos, contaminaci\u00f3n y explotaci\u00f3n.<\/p>\n<p>Ante este tipo de moda \u201cFast fashion\u201d, surge como alternativa la moda sostenible, que tiene como principios, la protecci\u00f3n del medio amiente, pol\u00edticas laborales m\u00e1s justas y el uso consiente de los recursos naturales.<\/p>\n<p>Evea nace con esta filosof\u00eda, como una alternativa a la moda \u201cfast fashion\u201d, donde le a\u00f1adimos a la est\u00e9tica, la \u00e9tica; junto con una nueva visi\u00f3n de producci\u00f3n responsable que impacte positivamente en el medioambiente, en la econom\u00eda de las comunidades y familias,\u00a0 y logre crear conciencia en las personas sobre el consumo responsable<\/p>\n<blockquote><p>Evea nace como una alternativa a la moda \u201cfast fashion\u201d, donde le a\u00f1adimos a la est\u00e9tica, la \u00e9tica; junto con una nueva visi\u00f3n de producci\u00f3n responsable que impacte positivamente en el medio ambiente y en las personas.<\/p><\/blockquote>\n<p>[\/vc_column_text][\/vc_column][vc_column width=\u00bb1\/2&#8243;][vc_single_image image=\u00bb5106&#8243; img_size=\u00bbfull\u00bb alignment=\u00bbcenter\u00bb][\/vc_column][\/vc_row][vc_row el_id=\u00bbconservacion-de-la-amazonia\u00bb css=\u00bb.vc_custom_1656991419074{margin-top: 60px !important;}\u00bb][vc_column][vc_row_inner][vc_column_inner width=\u00bb1\/2&#8243;][vc_column_text]<\/p>\n<h2>Conservaci\u00f3n de la Amazon\u00eda<\/h2>\n<p>El Amazonas es un lugar maravilloso, es el bosque tropical m\u00e1s grande y extenso del mundo, pero tiene un gran problema: la deforestaci\u00f3n. Al a\u00f1o en el Per\u00fa se deforestan m\u00e1s de 150 000 hect\u00e1reas de bosque, una superficie m\u00e1s grande que la ciudad de New York. Esta deforestaci\u00f3n es provocada por la tala o miner\u00eda ilegal y el narcotr\u00e1fico, pero su origen principal es la extrema pobreza, la necesidad de las personas por adquirir ingresos econ\u00f3micos, suplir sus necesidades b\u00e1sicas y mejorar su calidad de vida, \u201cY como la madera no se come\u201d, las poblaciones talan el bosque, para generar cultivos no sostenibles en un suelo que no posee caracter\u00edsticas agr\u00edcolas, y est\u00e1s acciones peque\u00f1as en su conjunto provocan el 90% de la deforestaci\u00f3n.<\/p>\n<p>En Evea buscamos contribuir a resolver este problema. Nuestra propuesta busca promover el uso sostenible del bosque en base a la recolecci\u00f3n organizada y procesamiento ecol\u00f3gico de l\u00e1tex del \u00e1rbol de Shiringa. La shiringa es un \u00e1rbol que crece de forma silvestre en la Amazon\u00eda y tiene un su interior un l\u00edquido lechoso llamado l\u00e1tex, el cual, mediante un proceso artesanal, es convertido en l\u00e1minas de caucho. Es una t\u00e9cnica muy antigua donde no se talan los \u00e1rboles, sino que se extrae el l\u00e1tex necesario para que el \u00e1rbol contin\u00fae con vida y se regenere.[\/vc_column_text][\/vc_column_inner][vc_column_inner width=\u00bb1\/2&#8243;][vc_column_text]<\/p>\n<blockquote><p>\u201cEn Evea desarrollamos calzado sostenible con comunidades shiringueras de la Amazon\u00eda, quienes recolectan el l\u00e1tex del \u00e1rbol y lo transforman en caucho, sin talar ning\u00fan \u00e1rbol, sin da\u00f1ar ning\u00fan animal y sin contaminar el medio ambiente.\u201d<\/p><\/blockquote>\n<p>En Evea trabajamos con comunidades shiringueras de la Amazon\u00eda peruana de los departamentos de Ucayali y Amazonas. Estas familias utilizan su conocimiento ancestral para recolectar el l\u00e1tex del \u00e1rbol y transformarlo en caucho, y con el caucho de estas comunidades desarrollamos suelas para calzado, un calzado sostenible, que para su elaboraci\u00f3n no se ha talado ning\u00fan \u00e1rbol, no se ha da\u00f1ado ning\u00fan animal, ni se ha contaminado el medio ambiente, y contribuye al empoderamiento econ\u00f3mico de las comunidades y familias amaz\u00f3nicas.[\/vc_column_text][\/vc_column_inner][\/vc_row_inner][\/vc_column][\/vc_row][vc_row][vc_column][vc_row_inner][vc_column_inner width=\u00bb1\/2&#8243;][vc_single_image image=\u00bb5759&#8243; img_size=\u00bbfull\u00bb alignment=\u00bbcenter\u00bb][\/vc_column_inner][vc_column_inner width=\u00bb1\/2&#8243;][vc_single_image image=\u00bb5751&#8243; img_size=\u00bbfull\u00bb alignment=\u00bbcenter\u00bb][\/vc_column_inner][\/vc_row_inner][vc_row_inner][vc_column_inner width=\u00bb1\/2&#8243;][vc_single_image image=\u00bb162&#8243; img_size=\u00bbfull\u00bb alignment=\u00bbcenter\u00bb][\/vc_column_inner][vc_column_inner width=\u00bb1\/2&#8243;][vc_single_image image=\u00bb5715&#8243; img_size=\u00bbfull\u00bb alignment=\u00bbcenter\u00bb][\/vc_column_inner][\/vc_row_inner][\/vc_column][\/vc_row][vc_row el_id=\u00bbimpacto-social\u00bb css=\u00bb.vc_custom_1656991409077{margin-top: 60px !important;}\u00bb][vc_column][vc_row_inner][vc_column_inner width=\u00bb1\/2&#8243;][vc_column_text]<\/p>\n<h2>Impacto Social<\/h2>\n<p><strong>Empoderamiento de familias y comercio justo<\/strong><\/p>\n<p>El origen de la deforestaci\u00f3n es la pobreza extrema y la falta de oportunidades. La depredaci\u00f3n de nuestra Amazon\u00eda no s\u00f3lo destruye el h\u00e1bitat de muchas especies\u00a0 y contribuye al calentamiento global, sino, corrompe el esp\u00edritu de uni\u00f3n entre el hombre y la naturaleza, trayendo vicios, ilegalidad, explotaci\u00f3n, narcotr\u00e1fico, prostituci\u00f3n, violencia y desequilibrio.<\/p>\n<p>Evea trabaja con familias amaz\u00f3nicas recolectoras de l\u00e1tex de shiringa, generando una oportunidad de negocio respetuoso del medio ambiente y de las personas, ofreciendo a las familias amaz\u00f3nicas la alternativa de obtener ingresos econ\u00f3micos de su entorno sin talar los \u00e1rboles.<\/p>\n<p>En Evea trabajamos bajo los principios de comercio justo de forma responsable, \u00e9tica y transparente, buscando el desarrollo de las comunidades recolectoras y productoras de caucho silvestre, pagando un precio justo por encima del costo del mercado, que beneficia a las comunidades y convierte la recolecci\u00f3n de\u00a0 un negocio rentable para ambas partes.<\/p>\n<p>Para lograr nuestro objetivo de impacto social con transparencia creamos alianzas con gobiernos locales,\u00a0 instituciones privadas y organismos del estado que protegen el bosque amaz\u00f3nico y con los cuales trabajamos en conjunto para incentivar el desarrollo de la selva peruana.[\/vc_column_text][\/vc_column_inner][vc_column_inner width=\u00bb1\/2&#8243;][vc_column_text]<\/p>\n<blockquote><p>En Evea trabajamos bajo los principios de comercio justo de forma responsable, \u00e9tica y transparente, buscando el desarrollo de las comunidades, generando una oportunidad de negocio rentable y respetuoso del medio ambiente.\u201d<\/p><\/blockquote>\n<p>[\/vc_column_text][vc_single_image image=\u00bb5752&#8243; img_size=\u00bbfull\u00bb alignment=\u00bbcenter\u00bb][\/vc_column_inner][\/vc_row_inner][vc_row_inner][vc_column_inner width=\u00bb1\/2&#8243;][vc_single_image image=\u00bb5753&#8243; img_size=\u00bbfull\u00bb alignment=\u00bbcenter\u00bb][\/vc_column_inner][vc_column_inner width=\u00bb1\/2&#8243;][vc_single_image image=\u00bb5754&#8243; img_size=\u00bbfull\u00bb alignment=\u00bbcenter\u00bb][\/vc_column_inner][\/vc_row_inner][vc_row_inner][vc_column_inner width=\u00bb1\/2&#8243;][vc_single_image image=\u00bb5760&#8243; img_size=\u00bbfull\u00bb alignment=\u00bbcenter\u00bb][\/vc_column_inner][\/vc_row_inner][\/vc_column][\/vc_row][vc_row css=\u00bb.vc_custom_1656994885000{margin-top: 50px !important;margin-bottom: 60px !important;}\u00bb][vc_column][vc_zigzag][\/vc_column][\/vc_row][vc_row][vc_column width=\u00bb1\/2&#8243;][vc_column_text]<\/p>\n<h2><strong>Estamos comprometidos <\/strong><br \/>\n<strong>con los Objetivos de Desarrollo Sostenible (ODS)<\/strong><\/h2>\n<p>En Per\u00fa, los bosques cubren casi el 60% de la superficie, proveen h\u00e1bitats cruciales a millones de especies y son fuente importante de aire limpio y agua. Adem\u00e1s, son fundamentales para combatir el cambio clim\u00e1tico. Sin embargo, se desforestan anualmente 150 mil hect\u00e1reas de bosque, s\u00f3lo en el Per\u00fa. Con el trabajo aprovechamiento sostenible del caucho silvestre trabajado en alianza con las comunidades nativas amaz\u00f3nicas logramos que las familias de la selva puedan vivir del bosque sin depredarlo.[\/vc_column_text][\/vc_column][vc_column width=\u00bb1\/2&#8243;][vc_single_image image=\u00bb5765&#8243; img_size=\u00bb500&#215;500&#8243; alignment=\u00bbcenter\u00bb][\/vc_column][\/vc_row][vc_row el_id=\u00bbpremios-y-reconocimientos\u00bb css=\u00bb.vc_custom_1656994895821{margin-top: 50px !important;}\u00bb][vc_column width=\u00bb1\/2&#8243;][vc_column_text]<\/p>\n<h2>Premios y Reconocimientos<\/h2>\n<p>\u2022 <strong>Tic Americas 2018. <\/strong>Ganadores en la categor\u00eda Startup Challenge y Categor\u00eda mejor emprendimiento Peruano.<br \/>\n\u2022 <strong>BioStartup<\/strong> <strong>2017<\/strong>. Ganadores del \u00a0Programa Bosques Andinos.<br \/>\n\u2022 <strong>Premios Latinoamericanos Viva Schmidheiny<\/strong> <strong>2017<\/strong>. 3er lugar en \u00a0en la categor\u00eda \u201cInnovaci\u00f3n Ambiental\u201d.<br \/>\n\u2022 <strong>Premios Latinoam\u00e9rica Verde 2017. <\/strong>Ganadores en la categor\u00eda \u201cProducci\u00f3n y Consumo Responsable\u201d.<br \/>\n\u2022 <strong>Innovate Per\u00fa. <\/strong>Finalista de \u201cMerito a la Innovaci\u00f3n\u201d 2017<br \/>\n\u2022 <strong>Startup 2016<\/strong> . Ganadores del \u00a0Reto Biodiversidad.<br \/>\n\u2022 <strong>Startup 2015<\/strong>. Ganadores de la Segunda generaci\u00f3n.<br \/>\n\u2022 <strong>Kunan<\/strong> 2014. Finalista.[\/vc_column_text][\/vc_column][vc_column width=\u00bb1\/2&#8243;][vc_single_image image=\u00bb177&#8243; img_size=\u00bbfull\u00bb alignment=\u00bbcenter\u00bb][\/vc_column][\/vc_row]<\/p>\n<\/div>","protected":false},"excerpt":{"rendered":"<p>[vc_row el_id=\u00bbmoda-etica-y-sostenible\u00bb][vc_column width=\u00bb1\/2&#8243;][vc_column_text] Moda \u00e9tica y sostenible Para entender la moda Sostenible, hay que primero reflexionar lo que es la \u00a0moda actual, que es en su esencia: comprar, usar y<\/p>\n","protected":false},"author":5,"featured_media":0,"parent":0,"menu_order":0,"comment_status":"closed","ping_status":"closed","template":"","meta":{"_acf_changed":false,"sfsi_plus_gutenberg_text_before_share":"","sfsi_plus_gutenberg_show_text_before_share":"","sfsi_plus_gutenberg_icon_type":"","sfsi_plus_gutenberg_icon_alignemt":"","sfsi_plus_gutenburg_max_per_row":"","footnotes":""},"class_list":["post-157","page","type-page","status-publish","hentry"],"acf":[],"yoast_head":"<!-- This site is optimized with the Yoast SEO plugin v27.2 - https:\/\/yoast.com\/product\/yoast-seo-wordpress\/ -->\n<title>Moda que conserva bosque amaz\u00f3nico -Sostenibilidad - Evea Eco Fashion<\/title>\n<meta name=\"description\" content=\"Somos una empresa de moda sostenible enfocada en la conservaci\u00f3n de bosque amaz\u00f3nico por medio del dise\u00f1o de calzados y suelas sostenibles.\" \/>\n<meta name=\"robots\" content=\"index, follow, max-snippet:-1, max-image-preview:large, max-video-preview:-1\" \/>\n<link rel=\"canonical\" href=\"https:\/\/evea-ecofashion.com\/es\/sostenibilidad-moda-y-bosques\/\" \/>\n<meta property=\"og:locale\" content=\"es_ES\" \/>\n<meta property=\"og:type\" content=\"article\" \/>\n<meta property=\"og:title\" content=\"Moda que conserva bosque amaz\u00f3nico -Sostenibilidad - Evea Eco Fashion\" \/>\n<meta property=\"og:description\" content=\"Somos una empresa de moda sostenible enfocada en la conservaci\u00f3n de bosque amaz\u00f3nico por medio del dise\u00f1o de calzados y suelas sostenibles.\" \/>\n<meta property=\"og:url\" content=\"https:\/\/evea-ecofashion.com\/es\/sostenibilidad-moda-y-bosques\/\" \/>\n<meta property=\"og:site_name\" content=\"Evea Eco Fashion\" \/>\n<meta property=\"article:publisher\" content=\"https:\/\/facebook.com\/evea.ecofashion\" \/>\n<meta property=\"article:modified_time\" content=\"2024-07-12T03:51:41+00:00\" \/>\n<meta name=\"twitter:card\" content=\"summary_large_image\" \/>\n<meta name=\"twitter:site\" content=\"@evea_ecoamazon\" \/>\n<meta name=\"twitter:label1\" content=\"Tiempo de lectura\" \/>\n\t<meta name=\"twitter:data1\" content=\"5 minutos\" \/>\n<script type=\"application\/ld+json\" class=\"yoast-schema-graph\">{\"@context\":\"https:\/\/schema.org\",\"@graph\":[{\"@type\":\"WebPage\",\"@id\":\"https:\/\/evea-ecofashion.com\/es\/sostenibilidad-moda-y-bosques\/\",\"url\":\"https:\/\/evea-ecofashion.com\/es\/sostenibilidad-moda-y-bosques\/\",\"name\":\"Moda que conserva bosque amaz\u00f3nico -Sostenibilidad - Evea Eco Fashion\",\"isPartOf\":{\"@id\":\"https:\/\/evea-ecofashion.com\/es\/#website\"},\"datePublished\":\"2019-12-11T01:48:56+00:00\",\"dateModified\":\"2024-07-12T03:51:41+00:00\",\"description\":\"Somos una empresa de moda sostenible enfocada en la conservaci\u00f3n de bosque amaz\u00f3nico por medio del dise\u00f1o de calzados y suelas sostenibles.\",\"breadcrumb\":{\"@id\":\"https:\/\/evea-ecofashion.com\/es\/sostenibilidad-moda-y-bosques\/#breadcrumb\"},\"inLanguage\":\"es\",\"potentialAction\":[{\"@type\":\"ReadAction\",\"target\":[\"https:\/\/evea-ecofashion.com\/es\/sostenibilidad-moda-y-bosques\/\"]}]},{\"@type\":\"BreadcrumbList\",\"@id\":\"https:\/\/evea-ecofashion.com\/es\/sostenibilidad-moda-y-bosques\/#breadcrumb\",\"itemListElement\":[{\"@type\":\"ListItem\",\"position\":1,\"name\":\"Portada\",\"item\":\"https:\/\/evea-ecofashion.com\/es\/\"},{\"@type\":\"ListItem\",\"position\":2,\"name\":\"Sostenibilidad\"}]},{\"@type\":\"WebSite\",\"@id\":\"https:\/\/evea-ecofashion.com\/es\/#website\",\"url\":\"https:\/\/evea-ecofashion.com\/es\/\",\"name\":\"Evea Eco Fashion\",\"description\":\"Otro sitio m\u00e1s de Sitios de Evea\",\"publisher\":{\"@id\":\"https:\/\/evea-ecofashion.com\/es\/#organization\"},\"potentialAction\":[{\"@type\":\"SearchAction\",\"target\":{\"@type\":\"EntryPoint\",\"urlTemplate\":\"https:\/\/evea-ecofashion.com\/es\/?s={search_term_string}\"},\"query-input\":{\"@type\":\"PropertyValueSpecification\",\"valueRequired\":true,\"valueName\":\"search_term_string\"}}],\"inLanguage\":\"es\"},{\"@type\":\"Organization\",\"@id\":\"https:\/\/evea-ecofashion.com\/es\/#organization\",\"name\":\"Evea Eco Fashion\",\"url\":\"https:\/\/evea-ecofashion.com\/es\/\",\"logo\":{\"@type\":\"ImageObject\",\"inLanguage\":\"es\",\"@id\":\"https:\/\/evea-ecofashion.com\/es\/#\/schema\/logo\/image\/\",\"url\":\"https:\/\/evea-ecofashion.com\/es\/wp-content\/uploads\/sites\/7\/2019\/12\/logo-evea.png\",\"contentUrl\":\"https:\/\/evea-ecofashion.com\/es\/wp-content\/uploads\/sites\/7\/2019\/12\/logo-evea.png\",\"width\":333,\"height\":187,\"caption\":\"Evea Eco Fashion\"},\"image\":{\"@id\":\"https:\/\/evea-ecofashion.com\/es\/#\/schema\/logo\/image\/\"},\"sameAs\":[\"https:\/\/facebook.com\/evea.ecofashion\",\"https:\/\/x.com\/evea_ecoamazon\",\"https:\/\/instagram.com\/eveaecofashion\",\"https:\/\/www.youtube.com\/channel\/UCB-Uxlp96EHkJzye6xrw_Eg\"]}]}<\/script>\n<!-- \/ Yoast SEO plugin. -->","yoast_head_json":{"title":"Moda que conserva bosque amaz\u00f3nico -Sostenibilidad - Evea Eco Fashion","description":"Somos una empresa de moda sostenible enfocada en la conservaci\u00f3n de bosque amaz\u00f3nico por medio del dise\u00f1o de calzados y suelas sostenibles.","robots":{"index":"index","follow":"follow","max-snippet":"max-snippet:-1","max-image-preview":"max-image-preview:large","max-video-preview":"max-video-preview:-1"},"canonical":"https:\/\/evea-ecofashion.com\/es\/sostenibilidad-moda-y-bosques\/","og_locale":"es_ES","og_type":"article","og_title":"Moda que conserva bosque amaz\u00f3nico -Sostenibilidad - Evea Eco Fashion","og_description":"Somos una empresa de moda sostenible enfocada en la conservaci\u00f3n de bosque amaz\u00f3nico por medio del dise\u00f1o de calzados y suelas sostenibles.","og_url":"https:\/\/evea-ecofashion.com\/es\/sostenibilidad-moda-y-bosques\/","og_site_name":"Evea Eco Fashion","article_publisher":"https:\/\/facebook.com\/evea.ecofashion","article_modified_time":"2024-07-12T03:51:41+00:00","twitter_card":"summary_large_image","twitter_site":"@evea_ecoamazon","twitter_misc":{"Tiempo de lectura":"5 minutos"},"schema":{"@context":"https:\/\/schema.org","@graph":[{"@type":"WebPage","@id":"https:\/\/evea-ecofashion.com\/es\/sostenibilidad-moda-y-bosques\/","url":"https:\/\/evea-ecofashion.com\/es\/sostenibilidad-moda-y-bosques\/","name":"Moda que conserva bosque amaz\u00f3nico -Sostenibilidad - Evea Eco Fashion","isPartOf":{"@id":"https:\/\/evea-ecofashion.com\/es\/#website"},"datePublished":"2019-12-11T01:48:56+00:00","dateModified":"2024-07-12T03:51:41+00:00","description":"Somos una empresa de moda sostenible enfocada en la conservaci\u00f3n de bosque amaz\u00f3nico por medio del dise\u00f1o de calzados y suelas sostenibles.","breadcrumb":{"@id":"https:\/\/evea-ecofashion.com\/es\/sostenibilidad-moda-y-bosques\/#breadcrumb"},"inLanguage":"es","potentialAction":[{"@type":"ReadAction","target":["https:\/\/evea-ecofashion.com\/es\/sostenibilidad-moda-y-bosques\/"]}]},{"@type":"BreadcrumbList","@id":"https:\/\/evea-ecofashion.com\/es\/sostenibilidad-moda-y-bosques\/#breadcrumb","itemListElement":[{"@type":"ListItem","position":1,"name":"Portada","item":"https:\/\/evea-ecofashion.com\/es\/"},{"@type":"ListItem","position":2,"name":"Sostenibilidad"}]},{"@type":"WebSite","@id":"https:\/\/evea-ecofashion.com\/es\/#website","url":"https:\/\/evea-ecofashion.com\/es\/","name":"Evea Eco Fashion","description":"Otro sitio m\u00e1s de Sitios de Evea","publisher":{"@id":"https:\/\/evea-ecofashion.com\/es\/#organization"},"potentialAction":[{"@type":"SearchAction","target":{"@type":"EntryPoint","urlTemplate":"https:\/\/evea-ecofashion.com\/es\/?s={search_term_string}"},"query-input":{"@type":"PropertyValueSpecification","valueRequired":true,"valueName":"search_term_string"}}],"inLanguage":"es"},{"@type":"Organization","@id":"https:\/\/evea-ecofashion.com\/es\/#organization","name":"Evea Eco Fashion","url":"https:\/\/evea-ecofashion.com\/es\/","logo":{"@type":"ImageObject","inLanguage":"es","@id":"https:\/\/evea-ecofashion.com\/es\/#\/schema\/logo\/image\/","url":"https:\/\/evea-ecofashion.com\/es\/wp-content\/uploads\/sites\/7\/2019\/12\/logo-evea.png","contentUrl":"https:\/\/evea-ecofashion.com\/es\/wp-content\/uploads\/sites\/7\/2019\/12\/logo-evea.png","width":333,"height":187,"caption":"Evea Eco Fashion"},"image":{"@id":"https:\/\/evea-ecofashion.com\/es\/#\/schema\/logo\/image\/"},"sameAs":["https:\/\/facebook.com\/evea.ecofashion","https:\/\/x.com\/evea_ecoamazon","https:\/\/instagram.com\/eveaecofashion","https:\/\/www.youtube.com\/channel\/UCB-Uxlp96EHkJzye6xrw_Eg"]}]}},"_links":{"self":[{"href":"https:\/\/evea-ecofashion.com\/es\/wp-json\/wp\/v2\/pages\/157","targetHints":{"allow":["GET"]}}],"collection":[{"href":"https:\/\/evea-ecofashion.com\/es\/wp-json\/wp\/v2\/pages"}],"about":[{"href":"https:\/\/evea-ecofashion.com\/es\/wp-json\/wp\/v2\/types\/page"}],"author":[{"embeddable":true,"href":"https:\/\/evea-ecofashion.com\/es\/wp-json\/wp\/v2\/users\/5"}],"replies":[{"embeddable":true,"href":"https:\/\/evea-ecofashion.com\/es\/wp-json\/wp\/v2\/comments?post=157"}],"version-history":[{"count":11,"href":"https:\/\/evea-ecofashion.com\/es\/wp-json\/wp\/v2\/pages\/157\/revisions"}],"predecessor-version":[{"id":6824,"href":"https:\/\/evea-ecofashion.com\/es\/wp-json\/wp\/v2\/pages\/157\/revisions\/6824"}],"wp:attachment":[{"href":"https:\/\/evea-ecofashion.com\/es\/wp-json\/wp\/v2\/media?parent=157"}],"curies":[{"name":"wp","href":"https:\/\/api.w.org\/{rel}","templated":true}]}}