{"id":143,"date":"2019-12-10T20:29:33","date_gmt":"2019-12-11T01:29:33","guid":{"rendered":"http:\/\/evea-ecofashion.com\/es-new3\/?page_id=143"},"modified":"2022-07-04T00:30:05","modified_gmt":"2022-07-04T05:30:05","slug":"quienes-somos-moda-etica","status":"publish","type":"page","link":"https:\/\/evea-ecofashion.com\/es\/quienes-somos-moda-etica\/","title":{"rendered":"Sobre Evea"},"content":{"rendered":"<div class=\"wpb-content-wrapper\"><p>[vc_row el_id=\u00bbevea\u00bb][vc_column width=\u00bb1\/2&#8243;][vc_column_text]<\/p>\n<h2>Evea EcoFashion<\/h2>\n<p>Somos una empresa social de moda sostenible, con una visi\u00f3n de producci\u00f3n responsable e inclusiva que contribuye a la conservaci\u00f3n de la biodiversidad, al cuidado de bosques y al desarrollo de familias y comunidades.<\/p>\n<p>Trabajamos con artesanos, investigadores, ingenieros, bi\u00f3logos, dise\u00f1adores y comunidades, desarrollando biomateriales para la moda, que sean sostenibles y de alta calidad.<\/p>\n<blockquote><p>Creemos que la moda tiene el potencial para inspirar un cambio de conciencia y convertirse en una actividad que impacta positivamente en el planeta y en las personas.<\/p><\/blockquote>\n<p>[\/vc_column_text][\/vc_column][vc_column width=\u00bb1\/2&#8243;][vc_single_image image=\u00bb5101&#8243; img_size=\u00bbfull\u00bb alignment=\u00bbcenter\u00bb][\/vc_column][\/vc_row][vc_row][vc_column][vc_row_inner][vc_column_inner width=\u00bb1\/2&#8243;][vc_single_image image=\u00bb147&#8243; img_size=\u00bbfull\u00bb alignment=\u00bbcenter\u00bb][\/vc_column_inner][vc_column_inner width=\u00bb1\/2&#8243;][vc_single_image image=\u00bb148&#8243; img_size=\u00bbfull\u00bb alignment=\u00bbcenter\u00bb][\/vc_column_inner][\/vc_row_inner][vc_row_inner][vc_column_inner width=\u00bb1\/2&#8243;][vc_single_image image=\u00bb149&#8243; img_size=\u00bbfull\u00bb alignment=\u00bbcenter\u00bb][\/vc_column_inner][vc_column_inner width=\u00bb1\/2&#8243;][vc_single_image image=\u00bb5102&#8243; img_size=\u00bbfull\u00bb alignment=\u00bbcenter\u00bb][\/vc_column_inner][\/vc_row_inner][vc_row_inner][vc_column_inner width=\u00bb1\/2&#8243;][vc_single_image image=\u00bb151&#8243; img_size=\u00bbfull\u00bb alignment=\u00bbcenter\u00bb][\/vc_column_inner][vc_column_inner width=\u00bb1\/2&#8243;][vc_single_image image=\u00bb152&#8243; img_size=\u00bbfull\u00bb alignment=\u00bbcenter\u00bb][\/vc_column_inner][\/vc_row_inner][\/vc_column][\/vc_row]<\/p>\n<\/div>","protected":false},"excerpt":{"rendered":"<p>[vc_row el_id=\u00bbevea\u00bb][vc_column width=\u00bb1\/2&#8243;][vc_column_text] Evea EcoFashion Somos una empresa social de moda sostenible, con una visi\u00f3n de producci\u00f3n responsable e inclusiva que contribuye a la conservaci\u00f3n de la biodiversidad, al cuidado<\/p>\n","protected":false},"author":5,"featured_media":0,"parent":0,"menu_order":0,"comment_status":"closed","ping_status":"closed","template":"","meta":{"_acf_changed":false,"sfsi_plus_gutenberg_text_before_share":"","sfsi_plus_gutenberg_show_text_before_share":"","sfsi_plus_gutenberg_icon_type":"","sfsi_plus_gutenberg_icon_alignemt":"","sfsi_plus_gutenburg_max_per_row":"","footnotes":""},"class_list":["post-143","page","type-page","status-publish","hentry"],"acf":[],"yoast_head":"<!-- This site is optimized with the Yoast SEO plugin v27.2 - https:\/\/yoast.com\/product\/yoast-seo-wordpress\/ -->\n<title>Moda que conserva bosque amaz\u00f3nico -Sobre Evea - Evea Eco Fashion<\/title>\n<meta name=\"description\" content=\"Somos una empresa de moda sostenible enfocada en la conservaci\u00f3n de bosque amaz\u00f3nico por medio del dise\u00f1o de calzados y suelas sostenibles.\" \/>\n<meta name=\"robots\" content=\"index, follow, max-snippet:-1, max-image-preview:large, max-video-preview:-1\" \/>\n<link rel=\"canonical\" href=\"https:\/\/evea-ecofashion.com\/es\/quienes-somos-moda-etica\/\" \/>\n<meta property=\"og:locale\" content=\"es_ES\" \/>\n<meta property=\"og:type\" content=\"article\" \/>\n<meta property=\"og:title\" content=\"Moda que conserva bosque amaz\u00f3nico -Sobre Evea - Evea Eco Fashion\" \/>\n<meta property=\"og:description\" content=\"Somos una empresa de moda sostenible enfocada en la conservaci\u00f3n de bosque amaz\u00f3nico por medio del dise\u00f1o de calzados y suelas sostenibles.\" \/>\n<meta property=\"og:url\" content=\"https:\/\/evea-ecofashion.com\/es\/quienes-somos-moda-etica\/\" \/>\n<meta property=\"og:site_name\" content=\"Evea Eco Fashion\" \/>\n<meta property=\"article:publisher\" content=\"https:\/\/facebook.com\/evea.ecofashion\" \/>\n<meta property=\"article:modified_time\" content=\"2022-07-04T05:30:05+00:00\" \/>\n<meta name=\"twitter:card\" content=\"summary_large_image\" \/>\n<meta name=\"twitter:site\" content=\"@evea_ecoamazon\" \/>\n<meta name=\"twitter:label1\" content=\"Tiempo de lectura\" \/>\n\t<meta name=\"twitter:data1\" content=\"1 minuto\" \/>\n<script type=\"application\/ld+json\" class=\"yoast-schema-graph\">{\"@context\":\"https:\/\/schema.org\",\"@graph\":[{\"@type\":\"WebPage\",\"@id\":\"https:\/\/evea-ecofashion.com\/es\/quienes-somos-moda-etica\/\",\"url\":\"https:\/\/evea-ecofashion.com\/es\/quienes-somos-moda-etica\/\",\"name\":\"Moda que conserva bosque amaz\u00f3nico -Sobre Evea - Evea Eco Fashion\",\"isPartOf\":{\"@id\":\"https:\/\/evea-ecofashion.com\/es\/#website\"},\"datePublished\":\"2019-12-11T01:29:33+00:00\",\"dateModified\":\"2022-07-04T05:30:05+00:00\",\"description\":\"Somos una empresa de moda sostenible enfocada en la conservaci\u00f3n de bosque amaz\u00f3nico por medio del dise\u00f1o de calzados y suelas sostenibles.\",\"breadcrumb\":{\"@id\":\"https:\/\/evea-ecofashion.com\/es\/quienes-somos-moda-etica\/#breadcrumb\"},\"inLanguage\":\"es\",\"potentialAction\":[{\"@type\":\"ReadAction\",\"target\":[\"https:\/\/evea-ecofashion.com\/es\/quienes-somos-moda-etica\/\"]}]},{\"@type\":\"BreadcrumbList\",\"@id\":\"https:\/\/evea-ecofashion.com\/es\/quienes-somos-moda-etica\/#breadcrumb\",\"itemListElement\":[{\"@type\":\"ListItem\",\"position\":1,\"name\":\"Portada\",\"item\":\"https:\/\/evea-ecofashion.com\/es\/\"},{\"@type\":\"ListItem\",\"position\":2,\"name\":\"Sobre Evea\"}]},{\"@type\":\"WebSite\",\"@id\":\"https:\/\/evea-ecofashion.com\/es\/#website\",\"url\":\"https:\/\/evea-ecofashion.com\/es\/\",\"name\":\"Evea Eco Fashion\",\"description\":\"Otro sitio m\u00e1s de Sitios de Evea\",\"publisher\":{\"@id\":\"https:\/\/evea-ecofashion.com\/es\/#organization\"},\"potentialAction\":[{\"@type\":\"SearchAction\",\"target\":{\"@type\":\"EntryPoint\",\"urlTemplate\":\"https:\/\/evea-ecofashion.com\/es\/?s={search_term_string}\"},\"query-input\":{\"@type\":\"PropertyValueSpecification\",\"valueRequired\":true,\"valueName\":\"search_term_string\"}}],\"inLanguage\":\"es\"},{\"@type\":\"Organization\",\"@id\":\"https:\/\/evea-ecofashion.com\/es\/#organization\",\"name\":\"Evea Eco Fashion\",\"url\":\"https:\/\/evea-ecofashion.com\/es\/\",\"logo\":{\"@type\":\"ImageObject\",\"inLanguage\":\"es\",\"@id\":\"https:\/\/evea-ecofashion.com\/es\/#\/schema\/logo\/image\/\",\"url\":\"https:\/\/evea-ecofashion.com\/es\/wp-content\/uploads\/sites\/7\/2019\/12\/logo-evea.png\",\"contentUrl\":\"https:\/\/evea-ecofashion.com\/es\/wp-content\/uploads\/sites\/7\/2019\/12\/logo-evea.png\",\"width\":333,\"height\":187,\"caption\":\"Evea Eco Fashion\"},\"image\":{\"@id\":\"https:\/\/evea-ecofashion.com\/es\/#\/schema\/logo\/image\/\"},\"sameAs\":[\"https:\/\/facebook.com\/evea.ecofashion\",\"https:\/\/x.com\/evea_ecoamazon\",\"https:\/\/instagram.com\/eveaecofashion\",\"https:\/\/www.youtube.com\/channel\/UCB-Uxlp96EHkJzye6xrw_Eg\"]}]}<\/script>\n<!-- \/ Yoast SEO plugin. -->","yoast_head_json":{"title":"Moda que conserva bosque amaz\u00f3nico -Sobre Evea - Evea Eco Fashion","description":"Somos una empresa de moda sostenible enfocada en la conservaci\u00f3n de bosque amaz\u00f3nico por medio del dise\u00f1o de calzados y suelas sostenibles.","robots":{"index":"index","follow":"follow","max-snippet":"max-snippet:-1","max-image-preview":"max-image-preview:large","max-video-preview":"max-video-preview:-1"},"canonical":"https:\/\/evea-ecofashion.com\/es\/quienes-somos-moda-etica\/","og_locale":"es_ES","og_type":"article","og_title":"Moda que conserva bosque amaz\u00f3nico -Sobre Evea - Evea Eco Fashion","og_description":"Somos una empresa de moda sostenible enfocada en la conservaci\u00f3n de bosque amaz\u00f3nico por medio del dise\u00f1o de calzados y suelas sostenibles.","og_url":"https:\/\/evea-ecofashion.com\/es\/quienes-somos-moda-etica\/","og_site_name":"Evea Eco Fashion","article_publisher":"https:\/\/facebook.com\/evea.ecofashion","article_modified_time":"2022-07-04T05:30:05+00:00","twitter_card":"summary_large_image","twitter_site":"@evea_ecoamazon","twitter_misc":{"Tiempo de lectura":"1 minuto"},"schema":{"@context":"https:\/\/schema.org","@graph":[{"@type":"WebPage","@id":"https:\/\/evea-ecofashion.com\/es\/quienes-somos-moda-etica\/","url":"https:\/\/evea-ecofashion.com\/es\/quienes-somos-moda-etica\/","name":"Moda que conserva bosque amaz\u00f3nico -Sobre Evea - Evea Eco Fashion","isPartOf":{"@id":"https:\/\/evea-ecofashion.com\/es\/#website"},"datePublished":"2019-12-11T01:29:33+00:00","dateModified":"2022-07-04T05:30:05+00:00","description":"Somos una empresa de moda sostenible enfocada en la conservaci\u00f3n de bosque amaz\u00f3nico por medio del dise\u00f1o de calzados y suelas sostenibles.","breadcrumb":{"@id":"https:\/\/evea-ecofashion.com\/es\/quienes-somos-moda-etica\/#breadcrumb"},"inLanguage":"es","potentialAction":[{"@type":"ReadAction","target":["https:\/\/evea-ecofashion.com\/es\/quienes-somos-moda-etica\/"]}]},{"@type":"BreadcrumbList","@id":"https:\/\/evea-ecofashion.com\/es\/quienes-somos-moda-etica\/#breadcrumb","itemListElement":[{"@type":"ListItem","position":1,"name":"Portada","item":"https:\/\/evea-ecofashion.com\/es\/"},{"@type":"ListItem","position":2,"name":"Sobre Evea"}]},{"@type":"WebSite","@id":"https:\/\/evea-ecofashion.com\/es\/#website","url":"https:\/\/evea-ecofashion.com\/es\/","name":"Evea Eco Fashion","description":"Otro sitio m\u00e1s de Sitios de Evea","publisher":{"@id":"https:\/\/evea-ecofashion.com\/es\/#organization"},"potentialAction":[{"@type":"SearchAction","target":{"@type":"EntryPoint","urlTemplate":"https:\/\/evea-ecofashion.com\/es\/?s={search_term_string}"},"query-input":{"@type":"PropertyValueSpecification","valueRequired":true,"valueName":"search_term_string"}}],"inLanguage":"es"},{"@type":"Organization","@id":"https:\/\/evea-ecofashion.com\/es\/#organization","name":"Evea Eco Fashion","url":"https:\/\/evea-ecofashion.com\/es\/","logo":{"@type":"ImageObject","inLanguage":"es","@id":"https:\/\/evea-ecofashion.com\/es\/#\/schema\/logo\/image\/","url":"https:\/\/evea-ecofashion.com\/es\/wp-content\/uploads\/sites\/7\/2019\/12\/logo-evea.png","contentUrl":"https:\/\/evea-ecofashion.com\/es\/wp-content\/uploads\/sites\/7\/2019\/12\/logo-evea.png","width":333,"height":187,"caption":"Evea Eco Fashion"},"image":{"@id":"https:\/\/evea-ecofashion.com\/es\/#\/schema\/logo\/image\/"},"sameAs":["https:\/\/facebook.com\/evea.ecofashion","https:\/\/x.com\/evea_ecoamazon","https:\/\/instagram.com\/eveaecofashion","https:\/\/www.youtube.com\/channel\/UCB-Uxlp96EHkJzye6xrw_Eg"]}]}},"_links":{"self":[{"href":"https:\/\/evea-ecofashion.com\/es\/wp-json\/wp\/v2\/pages\/143","targetHints":{"allow":["GET"]}}],"collection":[{"href":"https:\/\/evea-ecofashion.com\/es\/wp-json\/wp\/v2\/pages"}],"about":[{"href":"https:\/\/evea-ecofashion.com\/es\/wp-json\/wp\/v2\/types\/page"}],"author":[{"embeddable":true,"href":"https:\/\/evea-ecofashion.com\/es\/wp-json\/wp\/v2\/users\/5"}],"replies":[{"embeddable":true,"href":"https:\/\/evea-ecofashion.com\/es\/wp-json\/wp\/v2\/comments?post=143"}],"version-history":[{"count":6,"href":"https:\/\/evea-ecofashion.com\/es\/wp-json\/wp\/v2\/pages\/143\/revisions"}],"predecessor-version":[{"id":5103,"href":"https:\/\/evea-ecofashion.com\/es\/wp-json\/wp\/v2\/pages\/143\/revisions\/5103"}],"wp:attachment":[{"href":"https:\/\/evea-ecofashion.com\/es\/wp-json\/wp\/v2\/media?parent=143"}],"curies":[{"name":"wp","href":"https:\/\/api.w.org\/{rel}","templated":true}]}}